{"id":263,"date":"2022-03-05T20:53:19","date_gmt":"2022-03-05T19:53:19","guid":{"rendered":"https:\/\/courtepin.ch\/wordpress\/?page_id=263"},"modified":"2022-07-05T23:30:46","modified_gmt":"2022-07-05T22:30:46","slug":"anderung-des-familienstandes","status":"publish","type":"page","link":"https:\/\/courtepin.ch\/de\/changement-etat-civil\/","title":{"rendered":"\u00c4nderung des Zivilstandes"},"content":{"rendered":"\t\t<div data-elementor-type=\"wp-page\" data-elementor-id=\"263\" class=\"elementor elementor-263\" data-elementor-post-type=\"page\">\n\t\t\t\t\t\t<section class=\"elementor-section elementor-top-section elementor-element elementor-element-ddadc6b elementor-section-height-min-height elementor-section-items-top page-standard elementor-section-boxed elementor-section-height-default\" data-id=\"ddadc6b\" data-element_type=\"section\" data-e-type=\"section\" data-settings=\"{&quot;jet_parallax_layout_list&quot;:[{&quot;jet_parallax_layout_image&quot;:{&quot;url&quot;:&quot;&quot;,&quot;id&quot;:&quot;&quot;,&quot;size&quot;:&quot;&quot;},&quot;_id&quot;:&quot;0ced1f6&quot;,&quot;jet_parallax_layout_image_widescreen&quot;:{&quot;url&quot;:&quot;&quot;,&quot;id&quot;:&quot;&quot;,&quot;size&quot;:&quot;&quot;},&quot;jet_parallax_layout_image_laptop&quot;:{&quot;url&quot;:&quot;&quot;,&quot;id&quot;:&quot;&quot;,&quot;size&quot;:&quot;&quot;},&quot;jet_parallax_layout_image_tablet&quot;:{&quot;url&quot;:&quot;&quot;,&quot;id&quot;:&quot;&quot;,&quot;size&quot;:&quot;&quot;},&quot;jet_parallax_layout_image_mobile&quot;:{&quot;url&quot;:&quot;&quot;,&quot;id&quot;:&quot;&quot;,&quot;size&quot;:&quot;&quot;},&quot;jet_parallax_layout_speed&quot;:{&quot;unit&quot;:&quot;%&quot;,&quot;size&quot;:50,&quot;sizes&quot;:[]},&quot;jet_parallax_layout_type&quot;:&quot;scroll&quot;,&quot;jet_parallax_layout_direction&quot;:&quot;1&quot;,&quot;jet_parallax_layout_fx_direction&quot;:null,&quot;jet_parallax_layout_z_index&quot;:&quot;&quot;,&quot;jet_parallax_layout_bg_x&quot;:50,&quot;jet_parallax_layout_bg_x_widescreen&quot;:&quot;&quot;,&quot;jet_parallax_layout_bg_x_laptop&quot;:&quot;&quot;,&quot;jet_parallax_layout_bg_x_tablet&quot;:&quot;&quot;,&quot;jet_parallax_layout_bg_x_mobile&quot;:&quot;&quot;,&quot;jet_parallax_layout_bg_y&quot;:50,&quot;jet_parallax_layout_bg_y_widescreen&quot;:&quot;&quot;,&quot;jet_parallax_layout_bg_y_laptop&quot;:&quot;&quot;,&quot;jet_parallax_layout_bg_y_tablet&quot;:&quot;&quot;,&quot;jet_parallax_layout_bg_y_mobile&quot;:&quot;&quot;,&quot;jet_parallax_layout_bg_size&quot;:&quot;auto&quot;,&quot;jet_parallax_layout_bg_size_widescreen&quot;:&quot;&quot;,&quot;jet_parallax_layout_bg_size_laptop&quot;:&quot;&quot;,&quot;jet_parallax_layout_bg_size_tablet&quot;:&quot;&quot;,&quot;jet_parallax_layout_bg_size_mobile&quot;:&quot;&quot;,&quot;jet_parallax_layout_animation_prop&quot;:&quot;transform&quot;,&quot;jet_parallax_layout_on&quot;:[&quot;desktop&quot;,&quot;tablet&quot;]}]}\">\n\t\t\t\t\t\t<div class=\"elementor-container elementor-column-gap-default\">\n\t\t\t\t\t<div class=\"elementor-column elementor-col-50 elementor-top-column elementor-element elementor-element-54fd9cd\" data-id=\"54fd9cd\" data-element_type=\"column\" data-e-type=\"column\">\n\t\t\t<div class=\"elementor-widget-wrap elementor-element-populated\">\n\t\t\t\t\t\t<div class=\"elementor-element elementor-element-d676a0c elementor-widget elementor-widget-heading\" data-id=\"d676a0c\" data-element_type=\"widget\" data-e-type=\"widget\" data-widget_type=\"heading.default\">\n\t\t\t\t<div class=\"elementor-widget-container\">\n\t\t\t\t\t<h4 class=\"elementor-heading-title elementor-size-default\">Mariage<\/h4>\t\t\t\t<\/div>\n\t\t\t\t<\/div>\n\t\t\t\t<div class=\"elementor-element elementor-element-e354aed elementor-widget elementor-widget-text-editor\" data-id=\"e354aed\" data-element_type=\"widget\" data-e-type=\"widget\" data-widget_type=\"text-editor.default\">\n\t\t\t\t<div class=\"elementor-widget-container\">\n\t\t\t\t\t\t\t\t\t<p>Les fianc\u00e9s qui souhaitent contracter mariage doivent prendre contact avec l\u2019Office de l&rsquo;\u00e9tat civil du lieu de domicile de l\u2019un ou l\u2019autre des fianc\u00e9s, dans le but de fixer un rendez-vous pour entamer une proc\u00e9dure pr\u00e9paratoire de mariage.<\/p>\t\t\t\t\t\t\t\t<\/div>\n\t\t\t\t<\/div>\n\t\t\t\t<div class=\"elementor-element elementor-element-7a4c660 elementor-widget elementor-widget-heading\" data-id=\"7a4c660\" data-element_type=\"widget\" data-e-type=\"widget\" data-widget_type=\"heading.default\">\n\t\t\t\t<div class=\"elementor-widget-container\">\n\t\t\t\t\t<h4 class=\"elementor-heading-title elementor-size-default\">Documents \u00e0 pr\u00e9senter :<\/h4>\t\t\t\t<\/div>\n\t\t\t\t<\/div>\n\t\t\t\t<div class=\"elementor-element elementor-element-96ee554 elementor-widget elementor-widget-text-editor\" data-id=\"96ee554\" data-element_type=\"widget\" data-e-type=\"widget\" data-widget_type=\"text-editor.default\">\n\t\t\t\t<div class=\"elementor-widget-container\">\n\t\t\t\t\t\t\t\t\t<div><ul><li>Certificat individuel d&rsquo;\u00e9tat civil<\/li><li>Attestation de domicile d\u00e9livr\u00e9e par la commune de domicile<\/li><li>Passeport ou carte d&rsquo;identit\u00e9<\/li><\/ul><\/div><div>\u00a0<\/div><div>En fonction de la nationalit\u00e9 des fianc\u00e9s concern\u00e9s, les documents \u00e0 produire varient selon les cas de figure. Il est recommand\u00e9 de prendre contact avec l\u2019Office de l\u2019\u00e9tat civil du district du Lac.<\/div>\t\t\t\t\t\t\t\t<\/div>\n\t\t\t\t<\/div>\n\t\t\t\t<div class=\"elementor-element elementor-element-c5039db elementor-widget elementor-widget-ucaddon_acces_direct\" data-id=\"c5039db\" data-element_type=\"widget\" data-e-type=\"widget\" data-widget_type=\"ucaddon_acces_direct.default\">\n\t\t\t\t<div class=\"elementor-widget-container\">\n\t\t\t\t\t\n<!-- start Liens et Text encadr\u00e9 -->\n<style>\/* widget: Liens et Text encadr\u00e9 *\/\n\nz\n\n<\/style>\n\n<div class=\"item-wrap col-1\"><a class=\"item \" href=\"http:\/\/www.fr.ch\/sainec\" target=\"_blank\" rel=\"noopener\"> \n  <h3>Office de l\u2019\u00e9tat civil<\/h3>\n  <i class=\"icon-pdf far fa-file-pdf\"><\/i>\n  <i class=\"icon-xlsx far fa-file-excel\"><\/i>\n  <i class=\"icon-docx far fa-file-word\"><\/i>\n  <i class=\"icon-form fas fa-edit\"><\/i>\n  <i class=\"icon-extern fas fa-external-link-alt\"><\/i>\n<\/a>\n<\/div>\n<!-- end Liens et Text encadr\u00e9 -->\t\t\t\t<\/div>\n\t\t\t\t<\/div>\n\t\t\t\t<div class=\"elementor-element elementor-element-86aaa67 elementor-widget elementor-widget-text-editor\" data-id=\"86aaa67\" data-element_type=\"widget\" data-e-type=\"widget\" data-widget_type=\"text-editor.default\">\n\t\t\t\t<div class=\"elementor-widget-container\">\n\t\t\t\t\t\t\t\t\t<div>Apr\u00e8s le mariage, il y a lieu de commander des nouveaux actes d\u2019origines de personnes mari\u00e9es. Ces documents doivent \u00eatre d\u00e9pos\u00e9s \u00e0 la commune de domicile. Le conjoint qui a chang\u00e9 de nom doit faire changer ses documents d\u2019identit\u00e9.<\/div>\t\t\t\t\t\t\t\t<\/div>\n\t\t\t\t<\/div>\n\t\t\t\t<div class=\"elementor-element elementor-element-350aece elementor-widget elementor-widget-heading\" data-id=\"350aece\" data-element_type=\"widget\" data-e-type=\"widget\" data-widget_type=\"heading.default\">\n\t\t\t\t<div class=\"elementor-widget-container\">\n\t\t\t\t\t<h4 class=\"elementor-heading-title elementor-size-default\">S\u00e9paration<\/h4>\t\t\t\t<\/div>\n\t\t\t\t<\/div>\n\t\t\t\t<div class=\"elementor-element elementor-element-4cea19d elementor-widget elementor-widget-text-editor\" data-id=\"4cea19d\" data-element_type=\"widget\" data-e-type=\"widget\" data-widget_type=\"text-editor.default\">\n\t\t\t\t<div class=\"elementor-widget-container\">\n\t\t\t\t\t\t\t\t\t<div>Sit\u00f4t la s\u00e9paration effective, le changement d\u2019adresse d\u2019un ou des \u00e9poux est \u00e0 annoncer au bureau communal. Chaque \u00e9poux s\u00e9par\u00e9 d\u00e9pose son propre acte d\u2019origine dans sa commune de domicile.<\/div><div><p>L\u2019\u00e9pouse (re)devient alors contribuable. Elle doit donc remplir une d\u00e9claration d\u2019imp\u00f4t selon sa nouvelle situation. Il lui est recommand\u00e9 de s\u2019adresser aux autorit\u00e9s fiscales cantonales et communales qui \u00e9tabliront les acomptes d&rsquo;imp\u00f4ts sur les nouvelles bases.<\/p><\/div>\t\t\t\t\t\t\t\t<\/div>\n\t\t\t\t<\/div>\n\t\t\t\t<div class=\"elementor-element elementor-element-6873d8c elementor-widget elementor-widget-heading\" data-id=\"6873d8c\" data-element_type=\"widget\" data-e-type=\"widget\" data-widget_type=\"heading.default\">\n\t\t\t\t<div class=\"elementor-widget-container\">\n\t\t\t\t\t<h4 class=\"elementor-heading-title elementor-size-default\">Divorce<\/h4>\t\t\t\t<\/div>\n\t\t\t\t<\/div>\n\t\t\t\t<div class=\"elementor-element elementor-element-ced07a5 elementor-widget elementor-widget-text-editor\" data-id=\"ced07a5\" data-element_type=\"widget\" data-e-type=\"widget\" data-widget_type=\"text-editor.default\">\n\t\t\t\t<div class=\"elementor-widget-container\">\n\t\t\t\t\t\t\t\t\t<p>Un extrait du jugement de divorce doit \u00eatre remis \u00e0 la commune. Les actes d\u2019origine sont alors mis \u00e0 jour, \u00e0 moins qu\u2019une proc\u00e9dure de changement de nom ne soit introduite.<\/p>\t\t\t\t\t\t\t\t<\/div>\n\t\t\t\t<\/div>\n\t\t\t\t<div class=\"elementor-element elementor-element-d72f78e elementor-widget elementor-widget-heading\" data-id=\"d72f78e\" data-element_type=\"widget\" data-e-type=\"widget\" data-widget_type=\"heading.default\">\n\t\t\t\t<div class=\"elementor-widget-container\">\n\t\t\t\t\t<h4 class=\"elementor-heading-title elementor-size-default\">D\u00e9c\u00e8s<\/h4>\t\t\t\t<\/div>\n\t\t\t\t<\/div>\n\t\t\t\t<div class=\"elementor-element elementor-element-bc46854 elementor-widget elementor-widget-text-editor\" data-id=\"bc46854\" data-element_type=\"widget\" data-e-type=\"widget\" data-widget_type=\"text-editor.default\">\n\t\t\t\t<div class=\"elementor-widget-container\">\n\t\t\t\t\t\t\t\t\t<p>Les pompes fun\u00e8bres se chargent g\u00e9n\u00e9ralement d\u2019annoncer le d\u00e9c\u00e8s \u00e0 l\u2019office de l\u2019\u00e9tat civil, au moyen du livret ou du certificat de famille et du certificat de d\u00e9c\u00e8s d\u00e9livr\u00e9 par le m\u00e9decin. La commune est ensuite inform\u00e9e par l\u2019\u00e9tat civil en ce qui concerne le contr\u00f4le des habitants et par les pompes fun\u00e8bres en ce qui concerne l\u2019enterrement ou la cr\u00e9mation (columbarium).<\/p>\t\t\t\t\t\t\t\t<\/div>\n\t\t\t\t<\/div>\n\t\t\t\t\t<\/div>\n\t\t<\/div>\n\t\t\t\t<div class=\"elementor-column elementor-col-50 elementor-top-column elementor-element elementor-element-43d4d65\" data-id=\"43d4d65\" data-element_type=\"column\" data-e-type=\"column\">\n\t\t\t<div class=\"elementor-widget-wrap\">\n\t\t\t\t\t\t\t<\/div>\n\t\t<\/div>\n\t\t\t\t\t<\/div>\n\t\t<\/section>\n\t\t\t\t<\/div>\n\t\t","protected":false},"excerpt":{"rendered":"<p>Mariage Les fianc\u00e9s qui souhaitent contracter mariage doivent prendre contact avec l\u2019Office de l&rsquo;\u00e9tat civil du lieu de domicile de l\u2019un ou l\u2019autre des fianc\u00e9s, dans le but de fixer un rendez-vous pour entamer une proc\u00e9dure pr\u00e9paratoire de mariage. Documents \u00e0 pr\u00e9senter : Certificat individuel d&rsquo;\u00e9tat civil Attestation de domicile d\u00e9livr\u00e9e par la commune de [&hellip;]<\/p>\n","protected":false},"author":2,"featured_media":0,"parent":0,"menu_order":0,"comment_status":"closed","ping_status":"closed","template":"","meta":{"_acf_changed":false},"class_list":["post-263","page","type-page","status-publish","hentry","domaine-administration"],"acf":[],"publishpress_future_workflow_manual_trigger":{"enabledWorkflows":[]},"_links":{"self":[{"href":"https:\/\/courtepin.ch\/de\/wp-json\/wp\/v2\/pages\/263","targetHints":{"allow":["GET"]}}],"collection":[{"href":"https:\/\/courtepin.ch\/de\/wp-json\/wp\/v2\/pages"}],"about":[{"href":"https:\/\/courtepin.ch\/de\/wp-json\/wp\/v2\/types\/page"}],"author":[{"embeddable":true,"href":"https:\/\/courtepin.ch\/de\/wp-json\/wp\/v2\/users\/2"}],"replies":[{"embeddable":true,"href":"https:\/\/courtepin.ch\/de\/wp-json\/wp\/v2\/comments?post=263"}],"version-history":[{"count":28,"href":"https:\/\/courtepin.ch\/de\/wp-json\/wp\/v2\/pages\/263\/revisions"}],"predecessor-version":[{"id":3338,"href":"https:\/\/courtepin.ch\/de\/wp-json\/wp\/v2\/pages\/263\/revisions\/3338"}],"wp:attachment":[{"href":"https:\/\/courtepin.ch\/de\/wp-json\/wp\/v2\/media?parent=263"}],"curies":[{"name":"wp","href":"https:\/\/api.w.org\/{rel}","templated":true}]}}