{"id":315,"date":"2022-03-06T00:21:43","date_gmt":"2022-03-05T23:21:43","guid":{"rendered":"https:\/\/courtepin.ch\/wordpress\/?page_id=315"},"modified":"2025-06-11T11:31:31","modified_gmt":"2025-06-11T09:31:31","slug":"regelungen","status":"publish","type":"page","link":"https:\/\/courtepin.ch\/de\/regelungen\/","title":{"rendered":"Reglemente"},"content":{"rendered":"<div data-elementor-type=\"wp-page\" data-elementor-id=\"315\" class=\"elementor elementor-315\" data-elementor-post-type=\"page\">\n\t\t\t\t\t\t<section class=\"elementor-section elementor-top-section elementor-element elementor-element-50adece elementor-section-height-min-height elementor-section-items-top page-standard elementor-section-boxed elementor-section-height-default\" data-id=\"50adece\" data-element_type=\"section\" data-settings=\"{&quot;jet_parallax_layout_list&quot;:[{&quot;jet_parallax_layout_image&quot;:{&quot;url&quot;:&quot;&quot;,&quot;id&quot;:&quot;&quot;,&quot;size&quot;:&quot;&quot;},&quot;_id&quot;:&quot;0ced1f6&quot;,&quot;jet_parallax_layout_image_widescreen&quot;:{&quot;url&quot;:&quot;&quot;,&quot;id&quot;:&quot;&quot;,&quot;size&quot;:&quot;&quot;},&quot;jet_parallax_layout_image_laptop&quot;:{&quot;url&quot;:&quot;&quot;,&quot;id&quot;:&quot;&quot;,&quot;size&quot;:&quot;&quot;},&quot;jet_parallax_layout_image_tablet&quot;:{&quot;url&quot;:&quot;&quot;,&quot;id&quot;:&quot;&quot;,&quot;size&quot;:&quot;&quot;},&quot;jet_parallax_layout_image_mobile&quot;:{&quot;url&quot;:&quot;&quot;,&quot;id&quot;:&quot;&quot;,&quot;size&quot;:&quot;&quot;},&quot;jet_parallax_layout_speed&quot;:{&quot;unit&quot;:&quot;%&quot;,&quot;size&quot;:50,&quot;sizes&quot;:[]},&quot;jet_parallax_layout_type&quot;:&quot;scroll&quot;,&quot;jet_parallax_layout_direction&quot;:&quot;1&quot;,&quot;jet_parallax_layout_fx_direction&quot;:null,&quot;jet_parallax_layout_z_index&quot;:&quot;&quot;,&quot;jet_parallax_layout_bg_x&quot;:50,&quot;jet_parallax_layout_bg_x_widescreen&quot;:&quot;&quot;,&quot;jet_parallax_layout_bg_x_laptop&quot;:&quot;&quot;,&quot;jet_parallax_layout_bg_x_tablet&quot;:&quot;&quot;,&quot;jet_parallax_layout_bg_x_mobile&quot;:&quot;&quot;,&quot;jet_parallax_layout_bg_y&quot;:50,&quot;jet_parallax_layout_bg_y_widescreen&quot;:&quot;&quot;,&quot;jet_parallax_layout_bg_y_laptop&quot;:&quot;&quot;,&quot;jet_parallax_layout_bg_y_tablet&quot;:&quot;&quot;,&quot;jet_parallax_layout_bg_y_mobile&quot;:&quot;&quot;,&quot;jet_parallax_layout_bg_size&quot;:&quot;auto&quot;,&quot;jet_parallax_layout_bg_size_widescreen&quot;:&quot;&quot;,&quot;jet_parallax_layout_bg_size_laptop&quot;:&quot;&quot;,&quot;jet_parallax_layout_bg_size_tablet&quot;:&quot;&quot;,&quot;jet_parallax_layout_bg_size_mobile&quot;:&quot;&quot;,&quot;jet_parallax_layout_animation_prop&quot;:&quot;transform&quot;,&quot;jet_parallax_layout_on&quot;:[&quot;desktop&quot;,&quot;tablet&quot;]}]}\">\n\t\t\t\t\t\t<div class=\"elementor-container elementor-column-gap-default\">\n\t\t\t\t\t<div class=\"elementor-column elementor-col-50 elementor-top-column elementor-element elementor-element-72b3b89\" data-id=\"72b3b89\" data-element_type=\"column\">\n\t\t\t<div class=\"elementor-widget-wrap elementor-element-populated\">\n\t\t\t\t\t\t<div class=\"elementor-element elementor-element-ad11920 elementor-widget elementor-widget-ucaddon_liens_accordion\" data-id=\"ad11920\" data-element_type=\"widget\" data-widget_type=\"ucaddon_liens_accordion.default\">\n\t\t\t\t<div class=\"elementor-widget-container\">\n\t\t\t\t\t\n<!-- start Accordion Liens et Text encadr\u00e9 -->\n<style>\/* widget: Accordion Liens et Text encadr\u00e9 *\/\n\n#uc_liens_accordion_elementor_ad11920 *{\n  box-sizing: border-box;\n}\n\n#uc_liens_accordion_elementor_ad11920 em\n{\n  font-style: normal;\n}\n\n#uc_liens_accordion_elementor_ad11920 .ue_heading_title\n{\n  margin:0;\n  flex-grow:1;\n}\n\n#uc_liens_accordion_elementor_ad11920 .uc_container .uc-heading\n{\n\tdisplay:flex;\n    align-items:center;\n\toverflow:hidden;\n\tcursor:pointer;\n  \n}\n#uc_liens_accordion_elementor_ad11920 .uc_container .uc_content\n{\n    display:none;\n    text-align:left;\n}\n\n#uc_liens_accordion_elementor_ad11920 .uc_container .uc-heading span.ue_accordion_icon\n{\n\tdisplay:flex;\n    align-items:center;\n   \tjustify-content:center;\n    flex-grow:0;\n    flex-shrink:0;\n}\n\n#uc_liens_accordion_elementor_ad11920 .uc_container .uc-heading span.uc_active\n{\n\tdisplay:none;\n}\n\n#uc_liens_accordion_elementor_ad11920 .uc_container .uc-heading span.uc_dactive\n{\n\tdisplay:flex;\n\n}\n#uc_liens_accordion_elementor_ad11920 .uc_container .uc-heading.active span.uc_active\n{\n\tdisplay:flex;\n}\n\n#uc_liens_accordion_elementor_ad11920 .uc_container .uc-heading.active span.uc_dactive\n{\n\tdisplay:none;\n}\n\n#uc_liens_accordion_elementor_ad11920 .uc_container .uc_btn {\n\n    text-align: center;\n    display: inline-block;\n    text-decoration: none;\n    transition: ease-in-out all 0.25s;\n}\n\n.ue-item-title\n{\n  font-size:21px;\n}\n.lien-accordeon{\n\tmargin-bottom: -20px;\n}\n\n<\/style>\n\n<div class=\"uc_material_accordion lien-accordeon\"  id=\"uc_liens_accordion_elementor_ad11920\" data-scrolltohead=\"off\">\n  <div class=\"uc_container\">\n    \n<div class=\"uc_ac_box\" style=\"background-color:;\">\n  <div class=\"uc-heading uc_trigger-uc_liens_accordion_elementor_ad11920\">\n    <span class=\"uc_dactive bbb heading-padding ue_accordion_icon\"><i class='fas fa-plus'><\/i><\/span> \n    <span class=\"uc_active bbb heading-padding ue_accordion_icon\"><i class='fas fa-minus'><\/i><\/span>\n    <div class=\"ue_heading_title\">Gemeindereglemente<\/div>\n  <\/div>\n  \n  <div class=\"uc_content item-wrap\"> \n\t\t<a class=\"item mar-bottom\" href=\"https:\/\/courtepin.ch\/wp-content\/uploads\/2022\/09\/Reglement_gestion_dechets_DE.pdf\"> \n  <h3>Reglement zur Abfallbewirtschaftung<\/h3>\n  <i class=\"icon-pdf far fa-file-pdf\"><\/i>\n  <i class=\"icon-xlsx far fa-file-excel\"><\/i>\n  <i class=\"icon-docx far fa-file-word\"><\/i>\n  <i class=\"icon-form fas fa-edit\"><\/i>\n  <i class=\"icon-extern fas fa-external-link-alt\"><\/i>\n<\/a>\n<a class=\"item mar-bottom\" href=\"https:\/\/courtepin.ch\/wp-content\/uploads\/2022\/09\/Reglement_eau_potable_DE.pdf\"> \n  <h3>Reglement \u00fcber die Trinkwasserverteilung<\/h3>\n  <i class=\"icon-pdf far fa-file-pdf\"><\/i>\n  <i class=\"icon-xlsx far fa-file-excel\"><\/i>\n  <i class=\"icon-docx far fa-file-word\"><\/i>\n  <i class=\"icon-form fas fa-edit\"><\/i>\n  <i class=\"icon-extern fas fa-external-link-alt\"><\/i>\n<\/a>\n<a class=\"item mar-bottom\" href=\"https:\/\/courtepin.ch\/wp-content\/uploads\/2022\/09\/Reglement_police_DE.pdf\"> \n  <h3>Polizeireglement<\/h3>\n  <i class=\"icon-pdf far fa-file-pdf\"><\/i>\n  <i class=\"icon-xlsx far fa-file-excel\"><\/i>\n  <i class=\"icon-docx far fa-file-word\"><\/i>\n  <i class=\"icon-form fas fa-edit\"><\/i>\n  <i class=\"icon-extern fas fa-external-link-alt\"><\/i>\n<\/a>\n<a class=\"item mar-bottom\" href=\"https:\/\/courtepin.ch\/wp-content\/uploads\/2022\/09\/Reglement_cimetieres_DE.pdf\"> \n  <h3>Friedhofreglement<\/h3>\n  <i class=\"icon-pdf far fa-file-pdf\"><\/i>\n  <i class=\"icon-xlsx far fa-file-excel\"><\/i>\n  <i class=\"icon-docx far fa-file-word\"><\/i>\n  <i class=\"icon-form fas fa-edit\"><\/i>\n  <i class=\"icon-extern fas fa-external-link-alt\"><\/i>\n<\/a>\n<a class=\"item mar-bottom\" href=\"https:\/\/courtepin.ch\/wp-content\/uploads\/2022\/09\/Reglement_emoluments_constructions_DE-1.pdf\"> \n  <h3>Reglement betreffend Verwaltungsgeb\u00fchren und Ersatzabgaben im Raumplanungs- und Bauwesen<\/h3>\n  <i class=\"icon-pdf far fa-file-pdf\"><\/i>\n  <i class=\"icon-xlsx far fa-file-excel\"><\/i>\n  <i class=\"icon-docx far fa-file-word\"><\/i>\n  <i class=\"icon-form fas fa-edit\"><\/i>\n  <i class=\"icon-extern fas fa-external-link-alt\"><\/i>\n<\/a>\n<a class=\"item mar-bottom\" href=\"https:\/\/courtepin.ch\/wp-content\/uploads\/2022\/09\/Reglement_heures_ouverture_commerce_DE.pdf\"> \n  <h3>Reglement \u00fcber die \u00d6ffnungszeiten der Gesch\u00e4fte<\/h3>\n  <i class=\"icon-pdf far fa-file-pdf\"><\/i>\n  <i class=\"icon-xlsx far fa-file-excel\"><\/i>\n  <i class=\"icon-docx far fa-file-word\"><\/i>\n  <i class=\"icon-form fas fa-edit\"><\/i>\n  <i class=\"icon-extern fas fa-external-link-alt\"><\/i>\n<\/a>\n<a class=\"item mar-bottom\" href=\"https:\/\/courtepin.ch\/wp-content\/uploads\/2022\/09\/Reglement_droit_de_cite_DE.pdf\"> \n  <h3>Reglement \u00fcber das Gemeindeb\u00fcrgerrecht<\/h3>\n  <i class=\"icon-pdf far fa-file-pdf\"><\/i>\n  <i class=\"icon-xlsx far fa-file-excel\"><\/i>\n  <i class=\"icon-docx far fa-file-word\"><\/i>\n  <i class=\"icon-form fas fa-edit\"><\/i>\n  <i class=\"icon-extern fas fa-external-link-alt\"><\/i>\n<\/a>\n<a class=\"item mar-bottom\" href=\"https:\/\/courtepin.ch\/wp-content\/uploads\/2022\/09\/Reglement_detention_chiens_DE.pdf\"> \n  <h3>Reglement \u00fcber die Hundehaltung und die Hundesteuer<\/h3>\n  <i class=\"icon-pdf far fa-file-pdf\"><\/i>\n  <i class=\"icon-xlsx far fa-file-excel\"><\/i>\n  <i class=\"icon-docx far fa-file-word\"><\/i>\n  <i class=\"icon-form fas fa-edit\"><\/i>\n  <i class=\"icon-extern fas fa-external-link-alt\"><\/i>\n<\/a>\n<a class=\"item mar-bottom\" href=\"https:\/\/courtepin.ch\/wp-content\/uploads\/2024\/04\/20240411_Reglement_scolaire_DE.pdf\"> \n  <h3>Schulreglement<\/h3>\n  <i class=\"icon-pdf far fa-file-pdf\"><\/i>\n  <i class=\"icon-xlsx far fa-file-excel\"><\/i>\n  <i class=\"icon-docx far fa-file-word\"><\/i>\n  <i class=\"icon-form fas fa-edit\"><\/i>\n  <i class=\"icon-extern fas fa-external-link-alt\"><\/i>\n<\/a>\n<a class=\"item mar-bottom\" href=\"https:\/\/courtepin.ch\/wp-content\/uploads\/2022\/09\/Reglement_bibliotheque_DE.pdf\"> \n  <h3>Reglement Gemeinde- und Schulbibliothek<\/h3>\n  <i class=\"icon-pdf far fa-file-pdf\"><\/i>\n  <i class=\"icon-xlsx far fa-file-excel\"><\/i>\n  <i class=\"icon-docx far fa-file-word\"><\/i>\n  <i class=\"icon-form fas fa-edit\"><\/i>\n  <i class=\"icon-extern fas fa-external-link-alt\"><\/i>\n<\/a>\n<a class=\"item mar-bottom\" href=\"https:\/\/courtepin.ch\/wp-content\/uploads\/2022\/09\/Reglement_part_couts_dentaires_scolaires_DE.pdf\"> \n  <h3>Reglement \u00fcber die Beteiligung der Gemeinde an den Kosten der Schulzahn\u00e4rtzlichen Behandlung<\/h3>\n  <i class=\"icon-pdf far fa-file-pdf\"><\/i>\n  <i class=\"icon-xlsx far fa-file-excel\"><\/i>\n  <i class=\"icon-docx far fa-file-word\"><\/i>\n  <i class=\"icon-form fas fa-edit\"><\/i>\n  <i class=\"icon-extern fas fa-external-link-alt\"><\/i>\n<\/a>\n<a class=\"item mar-bottom\" href=\"https:\/\/courtepin.ch\/wp-content\/uploads\/2022\/09\/Reglement_AEJ_DE.pdf\"> \n  <h3>Reglement \u00fcber die Familienerg\u00e4nzenden Tagesbetreuungseinrichtungen<\/h3>\n  <i class=\"icon-pdf far fa-file-pdf\"><\/i>\n  <i class=\"icon-xlsx far fa-file-excel\"><\/i>\n  <i class=\"icon-docx far fa-file-word\"><\/i>\n  <i class=\"icon-form fas fa-edit\"><\/i>\n  <i class=\"icon-extern fas fa-external-link-alt\"><\/i>\n<\/a>\n<a class=\"item mar-bottom\" href=\"https:\/\/courtepin.ch\/wp-content\/uploads\/2022\/09\/Reglement_organisation_CC_DE.pdf\"> \n  <h3>Organisationsreglement des Gemeinderats<\/h3>\n  <i class=\"icon-pdf far fa-file-pdf\"><\/i>\n  <i class=\"icon-xlsx far fa-file-excel\"><\/i>\n  <i class=\"icon-docx far fa-file-word\"><\/i>\n  <i class=\"icon-form fas fa-edit\"><\/i>\n  <i class=\"icon-extern fas fa-external-link-alt\"><\/i>\n<\/a>\n<a class=\"item mar-bottom\" href=\"https:\/\/courtepin.ch\/wp-content\/uploads\/2023\/08\/20230831_Repartition_dicasteres_annexe_1_DE.pdf\"> \n  <h3>Anhang 1 - Ressortzuteilung<\/h3>\n  <i class=\"icon-pdf far fa-file-pdf\"><\/i>\n  <i class=\"icon-xlsx far fa-file-excel\"><\/i>\n  <i class=\"icon-docx far fa-file-word\"><\/i>\n  <i class=\"icon-form fas fa-edit\"><\/i>\n  <i class=\"icon-extern fas fa-external-link-alt\"><\/i>\n<\/a>\n<a class=\"item mar-bottom\" href=\"https:\/\/courtepin.ch\/wp-content\/uploads\/2024\/01\/20240101_Reglement_du_personnel_FR.pdf\"> \n  <h3>Personalreglement<\/h3>\n  <i class=\"icon-pdf far fa-file-pdf\"><\/i>\n  <i class=\"icon-xlsx far fa-file-excel\"><\/i>\n  <i class=\"icon-docx far fa-file-word\"><\/i>\n  <i class=\"icon-form fas fa-edit\"><\/i>\n  <i class=\"icon-extern fas fa-external-link-alt\"><\/i>\n<\/a>\n<a class=\"item mar-bottom\" href=\"https:\/\/courtepin.ch\/wp-content\/uploads\/2024\/01\/20240101_Personal_Reglement_DE.pdf\"> \n  <h3>Finanzreglement<\/h3>\n  <i class=\"icon-pdf far fa-file-pdf\"><\/i>\n  <i class=\"icon-xlsx far fa-file-excel\"><\/i>\n  <i class=\"icon-docx far fa-file-word\"><\/i>\n  <i class=\"icon-form fas fa-edit\"><\/i>\n  <i class=\"icon-extern fas fa-external-link-alt\"><\/i>\n<\/a>\n<a class=\"item mar-bottom\" href=\"https:\/\/courtepin.ch\/wp-content\/uploads\/2024\/03\/20240314_Reglement_attribution_parchets_DE.pdf\"> \n  <h3>Gemeindereglement \u00fcber die Kriterien f\u00fcr die Vergabe von Gemeindepachtland<\/h3>\n  <i class=\"icon-pdf far fa-file-pdf\"><\/i>\n  <i class=\"icon-xlsx far fa-file-excel\"><\/i>\n  <i class=\"icon-docx far fa-file-word\"><\/i>\n  <i class=\"icon-form fas fa-edit\"><\/i>\n  <i class=\"icon-extern fas fa-external-link-alt\"><\/i>\n<\/a>\n<a class=\"item mar-bottom\" href=\"https:\/\/courtepin.ch\/wp-content\/uploads\/2023\/10\/Tarif_emoluments_admin_01_11_2023.pdf\"> \n  <h3>Tarife Verwaltungsgeb\u00fchren<\/h3>\n  <i class=\"icon-pdf far fa-file-pdf\"><\/i>\n  <i class=\"icon-xlsx far fa-file-excel\"><\/i>\n  <i class=\"icon-docx far fa-file-word\"><\/i>\n  <i class=\"icon-form fas fa-edit\"><\/i>\n  <i class=\"icon-extern fas fa-external-link-alt\"><\/i>\n<\/a>\n<a class=\"item mar-bottom\" href=\"https:\/\/courtepin.ch\/wp-content\/uploads\/2024\/04\/20230920_traduction_reglement_conseil_general_DE.pdf\"> \n  <h3>\u00dcbersetzung des Generalrates Reglements<\/h3>\n  <i class=\"icon-pdf far fa-file-pdf\"><\/i>\n  <i class=\"icon-xlsx far fa-file-excel\"><\/i>\n  <i class=\"icon-docx far fa-file-word\"><\/i>\n  <i class=\"icon-form fas fa-edit\"><\/i>\n  <i class=\"icon-extern fas fa-external-link-alt\"><\/i>\n<\/a>\n<a class=\"item mar-bottom\" href=\"https:\/\/courtepin.ch\/wp-content\/uploads\/2024\/01\/20220524_Reglement_jetons_presence_CG_DE.pdf\"> \n  <h3>Reglement betreffend die Sitzungsgelder des Generalrates<\/h3>\n  <i class=\"icon-pdf far fa-file-pdf\"><\/i>\n  <i class=\"icon-xlsx far fa-file-excel\"><\/i>\n  <i class=\"icon-docx far fa-file-word\"><\/i>\n  <i class=\"icon-form fas fa-edit\"><\/i>\n  <i class=\"icon-extern fas fa-external-link-alt\"><\/i>\n<\/a>\n<a class=\"item mar-bottom\" href=\"https:\/\/courtepin.ch\/wp-content\/uploads\/2025\/05\/202500101_Reglement_evacuation_epuration_eaux_DE.pdf\"> \n  <h3>Reglement \u00fcber die Beseitigung und Reinigung von Abwasser<\/h3>\n  <i class=\"icon-pdf far fa-file-pdf\"><\/i>\n  <i class=\"icon-xlsx far fa-file-excel\"><\/i>\n  <i class=\"icon-docx far fa-file-word\"><\/i>\n  <i class=\"icon-form fas fa-edit\"><\/i>\n  <i class=\"icon-extern fas fa-external-link-alt\"><\/i>\n<\/a>\n<a class=\"item mar-bottom\" href=\"https:\/\/courtepin.ch\/wp-content\/uploads\/2025\/05\/20250127_REX_evacuation_epuration_eaux_DE.pdf\"> \n  <h3>Ausf\u00fchrungsreglement \u00fcber die Beseitigung und Reinigung von Abwasser<\/h3>\n  <i class=\"icon-pdf far fa-file-pdf\"><\/i>\n  <i class=\"icon-xlsx far fa-file-excel\"><\/i>\n  <i class=\"icon-docx far fa-file-word\"><\/i>\n  <i class=\"icon-form fas fa-edit\"><\/i>\n  <i class=\"icon-extern fas fa-external-link-alt\"><\/i>\n<\/a>\n<a class=\"item mar-bottom\" href=\"https:\/\/courtepin.ch\/wp-content\/uploads\/2025\/06\/20250610_Reglement_plus_value_DE.pdf\"> \n  <h3>Reglement zur R\u00e4umung der kommunalen Mehrwertsteuer<\/h3>\n  <i class=\"icon-pdf far fa-file-pdf\"><\/i>\n  <i class=\"icon-xlsx far fa-file-excel\"><\/i>\n  <i class=\"icon-docx far fa-file-word\"><\/i>\n  <i class=\"icon-form fas fa-edit\"><\/i>\n  <i class=\"icon-extern fas fa-external-link-alt\"><\/i>\n<\/a>\n<a class=\"item mar-bottom\" href=\"https:\/\/courtepin.ch\/wp-content\/uploads\/2023\/11\/Voies-de-droit.pdf\"> \n  <h3>Rechtsmittel<\/h3>\n  <i class=\"icon-pdf far fa-file-pdf\"><\/i>\n  <i class=\"icon-xlsx far fa-file-excel\"><\/i>\n  <i class=\"icon-docx far fa-file-word\"><\/i>\n  <i class=\"icon-form fas fa-edit\"><\/i>\n  <i class=\"icon-extern fas fa-external-link-alt\"><\/i>\n<\/a>\n   <\/div> \n<\/div>\n  <\/div>\n<\/div>\n<!-- end Accordion Liens et Text encadr\u00e9 -->\t\t\t\t<\/div>\n\t\t\t\t<\/div>\n\t\t\t\t\t<\/div>\n\t\t<\/div>\n\t\t\t\t<div class=\"elementor-column elementor-col-50 elementor-top-column elementor-element elementor-element-2c6fbc1\" data-id=\"2c6fbc1\" data-element_type=\"column\">\n\t\t\t<div class=\"elementor-widget-wrap\">\n\t\t\t\t\t\t\t<\/div>\n\t\t<\/div>\n\t\t\t\t\t<\/div>\n\t\t<\/section>\n\t\t\t\t<\/div>","protected":false},"excerpt":{"rendered":"<p>Gemeindeverordnungen Abfallverordnung Trinkwasserverordnung Polizeiverordnung Friedhofsverordnung Verordnung \u00fcber Verwaltungsgeb\u00fchren im Bereich der Raumplanung und des Bauwesens Gemeindeverordnung \u00fcber die \u00d6ffnungszeiten von Gesch\u00e4ften Verordnung \u00fcber das Gemeindeb\u00fcrgerrecht Verordnung \u00fcber die Haltung und Besteuerung von Hunden [...].<\/p>","protected":false},"author":2,"featured_media":0,"parent":0,"menu_order":0,"comment_status":"closed","ping_status":"closed","template":"","meta":{"_acf_changed":false},"class_list":["post-315","page","type-page","status-publish","hentry","domaine-administration"],"acf":[],"publishpress_future_workflow_manual_trigger":{"enabledWorkflows":[]},"_links":{"self":[{"href":"https:\/\/courtepin.ch\/de\/wp-json\/wp\/v2\/pages\/315","targetHints":{"allow":["GET"]}}],"collection":[{"href":"https:\/\/courtepin.ch\/de\/wp-json\/wp\/v2\/pages"}],"about":[{"href":"https:\/\/courtepin.ch\/de\/wp-json\/wp\/v2\/types\/page"}],"author":[{"embeddable":true,"href":"https:\/\/courtepin.ch\/de\/wp-json\/wp\/v2\/users\/2"}],"replies":[{"embeddable":true,"href":"https:\/\/courtepin.ch\/de\/wp-json\/wp\/v2\/comments?post=315"}],"version-history":[{"count":163,"href":"https:\/\/courtepin.ch\/de\/wp-json\/wp\/v2\/pages\/315\/revisions"}],"predecessor-version":[{"id":11511,"href":"https:\/\/courtepin.ch\/de\/wp-json\/wp\/v2\/pages\/315\/revisions\/11511"}],"wp:attachment":[{"href":"https:\/\/courtepin.ch\/de\/wp-json\/wp\/v2\/media?parent=315"}],"curies":[{"name":"wp","href":"https:\/\/api.w.org\/{rel}","templated":true}]}}