{"id":326,"date":"2022-03-06T00:22:48","date_gmt":"2022-03-05T23:22:48","guid":{"rendered":"https:\/\/courtepin.ch\/wordpress\/?page_id=326"},"modified":"2026-04-16T14:26:26","modified_gmt":"2026-04-16T12:26:26","slug":"kommunale-konten-und-budgets","status":"publish","type":"page","link":"https:\/\/courtepin.ch\/de\/comptes-et-budgets-communaux\/","title":{"rendered":"Konten und Gemeindebudget"},"content":{"rendered":"\t\t<div data-elementor-type=\"wp-page\" data-elementor-id=\"326\" class=\"elementor elementor-326\" data-elementor-post-type=\"page\">\n\t\t\t\t\t\t<section class=\"elementor-section elementor-top-section elementor-element elementor-element-43228cd0 elementor-section-height-min-height elementor-section-items-top page-standard elementor-section-boxed elementor-section-height-default\" data-id=\"43228cd0\" data-element_type=\"section\" data-e-type=\"section\" data-settings=\"{&quot;jet_parallax_layout_list&quot;:[{&quot;jet_parallax_layout_image&quot;:{&quot;url&quot;:&quot;&quot;,&quot;id&quot;:&quot;&quot;,&quot;size&quot;:&quot;&quot;},&quot;_id&quot;:&quot;0ced1f6&quot;,&quot;jet_parallax_layout_image_widescreen&quot;:{&quot;url&quot;:&quot;&quot;,&quot;id&quot;:&quot;&quot;,&quot;size&quot;:&quot;&quot;},&quot;jet_parallax_layout_image_laptop&quot;:{&quot;url&quot;:&quot;&quot;,&quot;id&quot;:&quot;&quot;,&quot;size&quot;:&quot;&quot;},&quot;jet_parallax_layout_image_tablet&quot;:{&quot;url&quot;:&quot;&quot;,&quot;id&quot;:&quot;&quot;,&quot;size&quot;:&quot;&quot;},&quot;jet_parallax_layout_image_mobile&quot;:{&quot;url&quot;:&quot;&quot;,&quot;id&quot;:&quot;&quot;,&quot;size&quot;:&quot;&quot;},&quot;jet_parallax_layout_speed&quot;:{&quot;unit&quot;:&quot;%&quot;,&quot;size&quot;:50,&quot;sizes&quot;:[]},&quot;jet_parallax_layout_type&quot;:&quot;scroll&quot;,&quot;jet_parallax_layout_direction&quot;:&quot;1&quot;,&quot;jet_parallax_layout_fx_direction&quot;:null,&quot;jet_parallax_layout_z_index&quot;:&quot;&quot;,&quot;jet_parallax_layout_bg_x&quot;:50,&quot;jet_parallax_layout_bg_x_widescreen&quot;:&quot;&quot;,&quot;jet_parallax_layout_bg_x_laptop&quot;:&quot;&quot;,&quot;jet_parallax_layout_bg_x_tablet&quot;:&quot;&quot;,&quot;jet_parallax_layout_bg_x_mobile&quot;:&quot;&quot;,&quot;jet_parallax_layout_bg_y&quot;:50,&quot;jet_parallax_layout_bg_y_widescreen&quot;:&quot;&quot;,&quot;jet_parallax_layout_bg_y_laptop&quot;:&quot;&quot;,&quot;jet_parallax_layout_bg_y_tablet&quot;:&quot;&quot;,&quot;jet_parallax_layout_bg_y_mobile&quot;:&quot;&quot;,&quot;jet_parallax_layout_bg_size&quot;:&quot;auto&quot;,&quot;jet_parallax_layout_bg_size_widescreen&quot;:&quot;&quot;,&quot;jet_parallax_layout_bg_size_laptop&quot;:&quot;&quot;,&quot;jet_parallax_layout_bg_size_tablet&quot;:&quot;&quot;,&quot;jet_parallax_layout_bg_size_mobile&quot;:&quot;&quot;,&quot;jet_parallax_layout_animation_prop&quot;:&quot;transform&quot;,&quot;jet_parallax_layout_on&quot;:[&quot;desktop&quot;,&quot;tablet&quot;]}]}\">\n\t\t\t\t\t\t<div class=\"elementor-container elementor-column-gap-default\">\n\t\t\t\t\t<div class=\"elementor-column elementor-col-50 elementor-top-column elementor-element elementor-element-1aeca036\" data-id=\"1aeca036\" data-element_type=\"column\" data-e-type=\"column\">\n\t\t\t<div class=\"elementor-widget-wrap elementor-element-populated\">\n\t\t\t\t\t\t<div class=\"elementor-element elementor-element-dcf1bd4 elementor-widget elementor-widget-heading\" data-id=\"dcf1bd4\" data-element_type=\"widget\" data-e-type=\"widget\" data-widget_type=\"heading.default\">\n\t\t\t\t<div class=\"elementor-widget-container\">\n\t\t\t\t\t<h2 class=\"elementor-heading-title elementor-size-default\">L\u00e9gislature 2021-2026<\/h2>\t\t\t\t<\/div>\n\t\t\t\t<\/div>\n\t\t\t\t<div class=\"elementor-element elementor-element-def9b68 elementor-widget elementor-widget-ucaddon_liens_accordion\" data-id=\"def9b68\" data-element_type=\"widget\" data-e-type=\"widget\" data-widget_type=\"ucaddon_liens_accordion.default\">\n\t\t\t\t<div class=\"elementor-widget-container\">\n\t\t\t\t\t\n<!-- start Accordion Liens et Text encadr\u00e9 -->\n<style>\/* widget: Accordion Liens et Text encadr\u00e9 *\/\n\n#uc_liens_accordion_elementor_def9b68 *{\n  box-sizing: border-box;\n}\n\n#uc_liens_accordion_elementor_def9b68 em\n{\n  font-style: normal;\n}\n\n#uc_liens_accordion_elementor_def9b68 .ue_heading_title\n{\n  margin:0;\n  flex-grow:1;\n}\n\n#uc_liens_accordion_elementor_def9b68 .uc_container .uc-heading\n{\n\tdisplay:flex;\n    align-items:center;\n\toverflow:hidden;\n\tcursor:pointer;\n  \n}\n#uc_liens_accordion_elementor_def9b68 .uc_container .uc_content\n{\n    display:none;\n    text-align:left;\n}\n\n#uc_liens_accordion_elementor_def9b68 .uc_container .uc-heading span.ue_accordion_icon\n{\n\tdisplay:flex;\n    align-items:center;\n   \tjustify-content:center;\n    flex-grow:0;\n    flex-shrink:0;\n}\n\n#uc_liens_accordion_elementor_def9b68 .uc_container .uc-heading span.uc_active\n{\n\tdisplay:none;\n}\n\n#uc_liens_accordion_elementor_def9b68 .uc_container .uc-heading span.uc_dactive\n{\n\tdisplay:flex;\n\n}\n#uc_liens_accordion_elementor_def9b68 .uc_container .uc-heading.active span.uc_active\n{\n\tdisplay:flex;\n}\n\n#uc_liens_accordion_elementor_def9b68 .uc_container .uc-heading.active span.uc_dactive\n{\n\tdisplay:none;\n}\n\n#uc_liens_accordion_elementor_def9b68 .uc_container .uc_btn {\n\n    text-align: center;\n    display: inline-block;\n    text-decoration: none;\n    transition: ease-in-out all 0.25s;\n}\n\n.ue-item-title\n{\n  font-size:21px;\n}\n.lien-accordeon{\n\tmargin-bottom: -20px;\n}\n\n<\/style>\n\n<div class=\"uc_material_accordion lien-accordeon\"  id=\"uc_liens_accordion_elementor_def9b68\" data-scrolltohead=\"off\">\n  <div class=\"uc_container\">\n    \n<div class=\"uc_ac_box\" style=\"background-color:;\">\n  <div class=\"uc-heading uc_trigger-uc_liens_accordion_elementor_def9b68\">\n    <span class=\"uc_dactive bbb heading-padding ue_accordion_icon\"><i class='fas fa-plus'><\/i><\/span> \n    <span class=\"uc_active bbb heading-padding ue_accordion_icon\"><i class='fas fa-minus'><\/i><\/span>\n    <div class=\"ue_heading_title\">Comptes <\/div>\n  <\/div>\n  \n  <div class=\"uc_content item-wrap \"> \n\t\t<a class=\"item mar-bottom \" href=\"https:\/\/courtepin.ch\/\/wp-content\/uploads\/2022\/04\/Comptes_2020.pdf\"> \n  <h3>Comptes 2020<\/h3>\n  <i class=\"icon-pdf far fa-file-pdf\"><\/i>\n  <i class=\"icon-xlsx far fa-file-excel\"><\/i>\n  <i class=\"icon-docx far fa-file-word\"><\/i>\n  <i class=\"icon-form fas fa-edit\"><\/i>\n  <i class=\"icon-extern fas fa-external-link-alt\"><\/i>\n<\/a>\n<a class=\"item mar-bottom \" href=\"https:\/\/courtepin.ch\/\/wp-content\/uploads\/2022\/04\/Comptes_investissements_2020.pdf\"> \n  <h3>Comptes d&#039;investissement 2020<\/h3>\n  <i class=\"icon-pdf far fa-file-pdf\"><\/i>\n  <i class=\"icon-xlsx far fa-file-excel\"><\/i>\n  <i class=\"icon-docx far fa-file-word\"><\/i>\n  <i class=\"icon-form fas fa-edit\"><\/i>\n  <i class=\"icon-extern fas fa-external-link-alt\"><\/i>\n<\/a>\n<a class=\"item mar-bottom \" href=\"https:\/\/courtepin.ch\/wp-content\/uploads\/2022\/05\/Comptes-2021.pdf\"> \n  <h3>Comptes 2021<\/h3>\n  <i class=\"icon-pdf far fa-file-pdf\"><\/i>\n  <i class=\"icon-xlsx far fa-file-excel\"><\/i>\n  <i class=\"icon-docx far fa-file-word\"><\/i>\n  <i class=\"icon-form fas fa-edit\"><\/i>\n  <i class=\"icon-extern fas fa-external-link-alt\"><\/i>\n<\/a>\n<a class=\"item mar-bottom \" href=\"https:\/\/courtepin.ch\/wp-content\/uploads\/2022\/09\/Comptes-investissement_2021.pdf\"> \n  <h3>Comptes d&#039;investissement 2021<\/h3>\n  <i class=\"icon-pdf far fa-file-pdf\"><\/i>\n  <i class=\"icon-xlsx far fa-file-excel\"><\/i>\n  <i class=\"icon-docx far fa-file-word\"><\/i>\n  <i class=\"icon-form fas fa-edit\"><\/i>\n  <i class=\"icon-extern fas fa-external-link-alt\"><\/i>\n<\/a>\n<a class=\"item mar-bottom \" href=\"https:\/\/courtepin.ch\/wp-content\/uploads\/2023\/05\/7_Commune-de-Courtepin-rapport-des-comptes-2022.pdf\"> \n  <h3>Comptes 2022<\/h3>\n  <i class=\"icon-pdf far fa-file-pdf\"><\/i>\n  <i class=\"icon-xlsx far fa-file-excel\"><\/i>\n  <i class=\"icon-docx far fa-file-word\"><\/i>\n  <i class=\"icon-form fas fa-edit\"><\/i>\n  <i class=\"icon-extern fas fa-external-link-alt\"><\/i>\n<\/a>\n<a class=\"item mar-bottom \" href=\"https:\/\/courtepin.ch\/wp-content\/uploads\/2026\/04\/Comptes-2023.pdf\"> \n  <h3>Comptes 2023<\/h3>\n  <i class=\"icon-pdf far fa-file-pdf\"><\/i>\n  <i class=\"icon-xlsx far fa-file-excel\"><\/i>\n  <i class=\"icon-docx far fa-file-word\"><\/i>\n  <i class=\"icon-form fas fa-edit\"><\/i>\n  <i class=\"icon-extern fas fa-external-link-alt\"><\/i>\n<\/a>\n<a class=\"item mar-bottom \" href=\"https:\/\/courtepin.ch\/wp-content\/uploads\/2026\/04\/Comptes-dinvestissements-2023.pdf\"> \n  <h3>Comptes d&#039;investissements 2023<\/h3>\n  <i class=\"icon-pdf far fa-file-pdf\"><\/i>\n  <i class=\"icon-xlsx far fa-file-excel\"><\/i>\n  <i class=\"icon-docx far fa-file-word\"><\/i>\n  <i class=\"icon-form fas fa-edit\"><\/i>\n  <i class=\"icon-extern fas fa-external-link-alt\"><\/i>\n<\/a>\n<a class=\"item mar-bottom \" href=\"https:\/\/courtepin.ch\/wp-content\/uploads\/2026\/04\/Comptes_2024_FR.pdf\"> \n  <h3>Comptes 2024<\/h3>\n  <i class=\"icon-pdf far fa-file-pdf\"><\/i>\n  <i class=\"icon-xlsx far fa-file-excel\"><\/i>\n  <i class=\"icon-docx far fa-file-word\"><\/i>\n  <i class=\"icon-form fas fa-edit\"><\/i>\n  <i class=\"icon-extern fas fa-external-link-alt\"><\/i>\n<\/a>\n<a class=\"item mar-bottom \" href=\"https:\/\/courtepin.ch\/wp-content\/uploads\/2026\/04\/Comptes-dinvestissement_2024.pdf\"> \n  <h3>Comptes d&#039;investissements 2024<\/h3>\n  <i class=\"icon-pdf far fa-file-pdf\"><\/i>\n  <i class=\"icon-xlsx far fa-file-excel\"><\/i>\n  <i class=\"icon-docx far fa-file-word\"><\/i>\n  <i class=\"icon-form fas fa-edit\"><\/i>\n  <i class=\"icon-extern fas fa-external-link-alt\"><\/i>\n<\/a>\n   <\/div> \n<\/div>\n  <\/div>\n<\/div>\n<!-- end Accordion Liens et Text encadr\u00e9 -->\t\t\t\t<\/div>\n\t\t\t\t<\/div>\n\t\t\t\t<div class=\"elementor-element elementor-element-cbe3a76 elementor-widget elementor-widget-ucaddon_liens_accordion\" data-id=\"cbe3a76\" data-element_type=\"widget\" data-e-type=\"widget\" data-widget_type=\"ucaddon_liens_accordion.default\">\n\t\t\t\t<div class=\"elementor-widget-container\">\n\t\t\t\t\t\n<!-- start Accordion Liens et Text encadr\u00e9 -->\n<style>\/* widget: Accordion Liens et Text encadr\u00e9 *\/\n\n#uc_liens_accordion_elementor_cbe3a76 *{\n  box-sizing: border-box;\n}\n\n#uc_liens_accordion_elementor_cbe3a76 em\n{\n  font-style: normal;\n}\n\n#uc_liens_accordion_elementor_cbe3a76 .ue_heading_title\n{\n  margin:0;\n  flex-grow:1;\n}\n\n#uc_liens_accordion_elementor_cbe3a76 .uc_container .uc-heading\n{\n\tdisplay:flex;\n    align-items:center;\n\toverflow:hidden;\n\tcursor:pointer;\n  \n}\n#uc_liens_accordion_elementor_cbe3a76 .uc_container .uc_content\n{\n    display:none;\n    text-align:left;\n}\n\n#uc_liens_accordion_elementor_cbe3a76 .uc_container .uc-heading span.ue_accordion_icon\n{\n\tdisplay:flex;\n    align-items:center;\n   \tjustify-content:center;\n    flex-grow:0;\n    flex-shrink:0;\n}\n\n#uc_liens_accordion_elementor_cbe3a76 .uc_container .uc-heading span.uc_active\n{\n\tdisplay:none;\n}\n\n#uc_liens_accordion_elementor_cbe3a76 .uc_container .uc-heading span.uc_dactive\n{\n\tdisplay:flex;\n\n}\n#uc_liens_accordion_elementor_cbe3a76 .uc_container .uc-heading.active span.uc_active\n{\n\tdisplay:flex;\n}\n\n#uc_liens_accordion_elementor_cbe3a76 .uc_container .uc-heading.active span.uc_dactive\n{\n\tdisplay:none;\n}\n\n#uc_liens_accordion_elementor_cbe3a76 .uc_container .uc_btn {\n\n    text-align: center;\n    display: inline-block;\n    text-decoration: none;\n    transition: ease-in-out all 0.25s;\n}\n\n.ue-item-title\n{\n  font-size:21px;\n}\n.lien-accordeon{\n\tmargin-bottom: -20px;\n}\n\n<\/style>\n\n<div class=\"uc_material_accordion lien-accordeon\"  id=\"uc_liens_accordion_elementor_cbe3a76\" data-scrolltohead=\"off\">\n  <div class=\"uc_container\">\n    \n<div class=\"uc_ac_box\" style=\"background-color:;\">\n  <div class=\"uc-heading uc_trigger-uc_liens_accordion_elementor_cbe3a76\">\n    <span class=\"uc_dactive bbb heading-padding ue_accordion_icon\"><i class='fas fa-plus'><\/i><\/span> \n    <span class=\"uc_active bbb heading-padding ue_accordion_icon\"><i class='fas fa-minus'><\/i><\/span>\n    <div class=\"ue_heading_title\">Budgets<\/div>\n  <\/div>\n  \n  <div class=\"uc_content item-wrap \"> \n\t\t<a class=\"item mar-bottom \" href=\"https:\/\/courtepin.ch\/\/wp-content\/uploads\/2022\/04\/Budget_2022_FR.pdf\"> \n  <h3>Budget 2022<\/h3>\n  <i class=\"icon-pdf far fa-file-pdf\"><\/i>\n  <i class=\"icon-xlsx far fa-file-excel\"><\/i>\n  <i class=\"icon-docx far fa-file-word\"><\/i>\n  <i class=\"icon-form fas fa-edit\"><\/i>\n  <i class=\"icon-extern fas fa-external-link-alt\"><\/i>\n<\/a>\n<a class=\"item mar-bottom \" href=\"https:\/\/courtepin.ch\/\/wp-content\/uploads\/2022\/04\/Budget_dInvestissement_2022.pdf\"> \n  <h3>Budget d&#039;investissement 2022<\/h3>\n  <i class=\"icon-pdf far fa-file-pdf\"><\/i>\n  <i class=\"icon-xlsx far fa-file-excel\"><\/i>\n  <i class=\"icon-docx far fa-file-word\"><\/i>\n  <i class=\"icon-form fas fa-edit\"><\/i>\n  <i class=\"icon-extern fas fa-external-link-alt\"><\/i>\n<\/a>\n<a class=\"item mar-bottom \" href=\"https:\/\/courtepin.ch\/wp-content\/uploads\/2022\/12\/7_Budget_2023_FR.pdf\"> \n  <h3>Budget 2023<\/h3>\n  <i class=\"icon-pdf far fa-file-pdf\"><\/i>\n  <i class=\"icon-xlsx far fa-file-excel\"><\/i>\n  <i class=\"icon-docx far fa-file-word\"><\/i>\n  <i class=\"icon-form fas fa-edit\"><\/i>\n  <i class=\"icon-extern fas fa-external-link-alt\"><\/i>\n<\/a>\n<a class=\"item mar-bottom \" href=\"https:\/\/courtepin.ch\/wp-content\/uploads\/2023\/11\/Budget_2024.pdf\"> \n  <h3>Budget 2024<\/h3>\n  <i class=\"icon-pdf far fa-file-pdf\"><\/i>\n  <i class=\"icon-xlsx far fa-file-excel\"><\/i>\n  <i class=\"icon-docx far fa-file-word\"><\/i>\n  <i class=\"icon-form fas fa-edit\"><\/i>\n  <i class=\"icon-extern fas fa-external-link-alt\"><\/i>\n<\/a>\n<a class=\"item mar-bottom \" href=\"https:\/\/courtepin.ch\/wp-content\/uploads\/2024\/12\/Budget-2025_approuve.pdf\"> \n  <h3>Budget 2025<\/h3>\n  <i class=\"icon-pdf far fa-file-pdf\"><\/i>\n  <i class=\"icon-xlsx far fa-file-excel\"><\/i>\n  <i class=\"icon-docx far fa-file-word\"><\/i>\n  <i class=\"icon-form fas fa-edit\"><\/i>\n  <i class=\"icon-extern fas fa-external-link-alt\"><\/i>\n<\/a>\n<a class=\"item mar-bottom \" href=\"https:\/\/courtepin.ch\/wp-content\/uploads\/2025\/12\/2026_Budget-de-fonctionnement_FR.pdf\"> \n  <h3>Budget 2026 de fonctionnement<\/h3>\n  <i class=\"icon-pdf far fa-file-pdf\"><\/i>\n  <i class=\"icon-xlsx far fa-file-excel\"><\/i>\n  <i class=\"icon-docx far fa-file-word\"><\/i>\n  <i class=\"icon-form fas fa-edit\"><\/i>\n  <i class=\"icon-extern fas fa-external-link-alt\"><\/i>\n<\/a>\n<a class=\"item mar-bottom \" href=\"https:\/\/courtepin.ch\/wp-content\/uploads\/2025\/12\/2026_Budget-dinvestissements_FR.pdf\"> \n  <h3>Budget 2026 d&#039;investissements<\/h3>\n  <i class=\"icon-pdf far fa-file-pdf\"><\/i>\n  <i class=\"icon-xlsx far fa-file-excel\"><\/i>\n  <i class=\"icon-docx far fa-file-word\"><\/i>\n  <i class=\"icon-form fas fa-edit\"><\/i>\n  <i class=\"icon-extern fas fa-external-link-alt\"><\/i>\n<\/a>\n   <\/div> \n<\/div>\n  <\/div>\n<\/div>\n<!-- end Accordion Liens et Text encadr\u00e9 -->\t\t\t\t<\/div>\n\t\t\t\t<\/div>\n\t\t\t\t<div class=\"elementor-element elementor-element-c273322 elementor-widget elementor-widget-ucaddon_liens_accordion\" data-id=\"c273322\" data-element_type=\"widget\" data-e-type=\"widget\" data-widget_type=\"ucaddon_liens_accordion.default\">\n\t\t\t\t<div class=\"elementor-widget-container\">\n\t\t\t\t\t\n<!-- start Accordion Liens et Text encadr\u00e9 -->\n<style>\/* widget: Accordion Liens et Text encadr\u00e9 *\/\n\n#uc_liens_accordion_elementor_c273322 *{\n  box-sizing: border-box;\n}\n\n#uc_liens_accordion_elementor_c273322 em\n{\n  font-style: normal;\n}\n\n#uc_liens_accordion_elementor_c273322 .ue_heading_title\n{\n  margin:0;\n  flex-grow:1;\n}\n\n#uc_liens_accordion_elementor_c273322 .uc_container .uc-heading\n{\n\tdisplay:flex;\n    align-items:center;\n\toverflow:hidden;\n\tcursor:pointer;\n  \n}\n#uc_liens_accordion_elementor_c273322 .uc_container .uc_content\n{\n    display:none;\n    text-align:left;\n}\n\n#uc_liens_accordion_elementor_c273322 .uc_container .uc-heading span.ue_accordion_icon\n{\n\tdisplay:flex;\n    align-items:center;\n   \tjustify-content:center;\n    flex-grow:0;\n    flex-shrink:0;\n}\n\n#uc_liens_accordion_elementor_c273322 .uc_container .uc-heading span.uc_active\n{\n\tdisplay:none;\n}\n\n#uc_liens_accordion_elementor_c273322 .uc_container .uc-heading span.uc_dactive\n{\n\tdisplay:flex;\n\n}\n#uc_liens_accordion_elementor_c273322 .uc_container .uc-heading.active span.uc_active\n{\n\tdisplay:flex;\n}\n\n#uc_liens_accordion_elementor_c273322 .uc_container .uc-heading.active span.uc_dactive\n{\n\tdisplay:none;\n}\n\n#uc_liens_accordion_elementor_c273322 .uc_container .uc_btn {\n\n    text-align: center;\n    display: inline-block;\n    text-decoration: none;\n    transition: ease-in-out all 0.25s;\n}\n\n.ue-item-title\n{\n  font-size:21px;\n}\n.lien-accordeon{\n\tmargin-bottom: -20px;\n}\n\n<\/style>\n\n<div class=\"uc_material_accordion lien-accordeon\"  id=\"uc_liens_accordion_elementor_c273322\" data-scrolltohead=\"off\">\n  <div class=\"uc_container\">\n    \n<div class=\"uc_ac_box\" style=\"background-color:;\">\n  <div class=\"uc-heading uc_trigger-uc_liens_accordion_elementor_c273322\">\n    <span class=\"uc_dactive bbb heading-padding ue_accordion_icon\"><i class='fas fa-plus'><\/i><\/span> \n    <span class=\"uc_active bbb heading-padding ue_accordion_icon\"><i class='fas fa-minus'><\/i><\/span>\n    <div class=\"ue_heading_title\">Rapports de gestion<\/div>\n  <\/div>\n  \n  <div class=\"uc_content item-wrap \"> \n\t\t<a class=\"item mar-bottom \" href=\"https:\/\/courtepin.ch\/wp-content\/uploads\/2024\/05\/Rapport-gestion-2023.pdf\"> \n  <h3>Rapport de gestion 2023<\/h3>\n  <i class=\"icon-pdf far fa-file-pdf\"><\/i>\n  <i class=\"icon-xlsx far fa-file-excel\"><\/i>\n  <i class=\"icon-docx far fa-file-word\"><\/i>\n  <i class=\"icon-form fas fa-edit\"><\/i>\n  <i class=\"icon-extern fas fa-external-link-alt\"><\/i>\n<\/a>\n<a class=\"item mar-bottom \" href=\"https:\/\/courtepin.ch\/wp-content\/uploads\/2025\/05\/Rapport-de-gestion-2024.pdf\"> \n  <h3>Rapport de gestion 2024<\/h3>\n  <i class=\"icon-pdf far fa-file-pdf\"><\/i>\n  <i class=\"icon-xlsx far fa-file-excel\"><\/i>\n  <i class=\"icon-docx far fa-file-word\"><\/i>\n  <i class=\"icon-form fas fa-edit\"><\/i>\n  <i class=\"icon-extern fas fa-external-link-alt\"><\/i>\n<\/a>\n   <\/div> \n<\/div>\n  <\/div>\n<\/div>\n<!-- end Accordion Liens et Text encadr\u00e9 -->\t\t\t\t<\/div>\n\t\t\t\t<\/div>\n\t\t\t\t\t<\/div>\n\t\t<\/div>\n\t\t\t\t<div class=\"elementor-column elementor-col-50 elementor-top-column elementor-element elementor-element-5e6678cc\" data-id=\"5e6678cc\" data-element_type=\"column\" data-e-type=\"column\">\n\t\t\t<div class=\"elementor-widget-wrap\">\n\t\t\t\t\t\t\t<\/div>\n\t\t<\/div>\n\t\t\t\t\t<\/div>\n\t\t<\/section>\n\t\t\t\t<\/div>\n\t\t","protected":false},"excerpt":{"rendered":"<p>Legislaturperiode 2021-2026 Konten Konten 2020 Investitionskonten 2020 Konten 2021 Investitionskonten 2021 Konten 2022 Konten 2023 Investitionskonten 2023 Konten 2024 Investitionskonten 2024 Budgets Budget 2022 Investitionsbudget 2022 Budget 2023 Budget 2024 Budget 2025 Budget 2026 Betriebsbudget 2026 Investitionsbudget 2026 Gesch\u00e4ftsberichte Gesch\u00e4ftsbericht 2023 Gesch\u00e4ftsbericht 2024 Gesch\u00e4ftsbericht 2023 Gesch\u00e4ftsbericht 2024<\/p>","protected":false},"author":2,"featured_media":0,"parent":0,"menu_order":0,"comment_status":"closed","ping_status":"closed","template":"","meta":{"_acf_changed":false},"class_list":["post-326","page","type-page","status-publish","hentry","domaine-finances-impots"],"acf":[],"publishpress_future_workflow_manual_trigger":{"enabledWorkflows":[]},"_links":{"self":[{"href":"https:\/\/courtepin.ch\/de\/wp-json\/wp\/v2\/pages\/326","targetHints":{"allow":["GET"]}}],"collection":[{"href":"https:\/\/courtepin.ch\/de\/wp-json\/wp\/v2\/pages"}],"about":[{"href":"https:\/\/courtepin.ch\/de\/wp-json\/wp\/v2\/types\/page"}],"author":[{"embeddable":true,"href":"https:\/\/courtepin.ch\/de\/wp-json\/wp\/v2\/users\/2"}],"replies":[{"embeddable":true,"href":"https:\/\/courtepin.ch\/de\/wp-json\/wp\/v2\/comments?post=326"}],"version-history":[{"count":76,"href":"https:\/\/courtepin.ch\/de\/wp-json\/wp\/v2\/pages\/326\/revisions"}],"predecessor-version":[{"id":12787,"href":"https:\/\/courtepin.ch\/de\/wp-json\/wp\/v2\/pages\/326\/revisions\/12787"}],"wp:attachment":[{"href":"https:\/\/courtepin.ch\/de\/wp-json\/wp\/v2\/media?parent=326"}],"curies":[{"name":"wp","href":"https:\/\/api.w.org\/{rel}","templated":true}]}}