{"id":3329,"date":"2022-07-05T23:25:55","date_gmt":"2022-07-05T22:25:55","guid":{"rendered":"https:\/\/courtepin.ch\/wordpress\/?page_id=3329"},"modified":"2022-07-19T13:51:56","modified_gmt":"2022-07-19T12:51:56","slug":"fundstucke","status":"publish","type":"page","link":"https:\/\/courtepin.ch\/de\/objets-trouves\/","title":{"rendered":"Fundgegenst\u00e4nde"},"content":{"rendered":"\t\t<div data-elementor-type=\"wp-page\" data-elementor-id=\"3329\" class=\"elementor elementor-3329\" data-elementor-post-type=\"page\">\n\t\t\t\t\t\t<section class=\"elementor-section elementor-top-section elementor-element elementor-element-9e21da2 elementor-section-height-min-height elementor-section-items-top page-standard elementor-section-boxed elementor-section-height-default\" data-id=\"9e21da2\" data-element_type=\"section\" data-e-type=\"section\" data-settings=\"{&quot;jet_parallax_layout_list&quot;:[{&quot;jet_parallax_layout_image&quot;:{&quot;url&quot;:&quot;&quot;,&quot;id&quot;:&quot;&quot;,&quot;size&quot;:&quot;&quot;},&quot;_id&quot;:&quot;0ced1f6&quot;,&quot;jet_parallax_layout_image_widescreen&quot;:{&quot;url&quot;:&quot;&quot;,&quot;id&quot;:&quot;&quot;,&quot;size&quot;:&quot;&quot;},&quot;jet_parallax_layout_image_laptop&quot;:{&quot;url&quot;:&quot;&quot;,&quot;id&quot;:&quot;&quot;,&quot;size&quot;:&quot;&quot;},&quot;jet_parallax_layout_image_tablet&quot;:{&quot;url&quot;:&quot;&quot;,&quot;id&quot;:&quot;&quot;,&quot;size&quot;:&quot;&quot;},&quot;jet_parallax_layout_image_mobile&quot;:{&quot;url&quot;:&quot;&quot;,&quot;id&quot;:&quot;&quot;,&quot;size&quot;:&quot;&quot;},&quot;jet_parallax_layout_speed&quot;:{&quot;unit&quot;:&quot;%&quot;,&quot;size&quot;:50,&quot;sizes&quot;:[]},&quot;jet_parallax_layout_type&quot;:&quot;scroll&quot;,&quot;jet_parallax_layout_direction&quot;:&quot;1&quot;,&quot;jet_parallax_layout_fx_direction&quot;:null,&quot;jet_parallax_layout_z_index&quot;:&quot;&quot;,&quot;jet_parallax_layout_bg_x&quot;:50,&quot;jet_parallax_layout_bg_x_widescreen&quot;:&quot;&quot;,&quot;jet_parallax_layout_bg_x_laptop&quot;:&quot;&quot;,&quot;jet_parallax_layout_bg_x_tablet&quot;:&quot;&quot;,&quot;jet_parallax_layout_bg_x_mobile&quot;:&quot;&quot;,&quot;jet_parallax_layout_bg_y&quot;:50,&quot;jet_parallax_layout_bg_y_widescreen&quot;:&quot;&quot;,&quot;jet_parallax_layout_bg_y_laptop&quot;:&quot;&quot;,&quot;jet_parallax_layout_bg_y_tablet&quot;:&quot;&quot;,&quot;jet_parallax_layout_bg_y_mobile&quot;:&quot;&quot;,&quot;jet_parallax_layout_bg_size&quot;:&quot;auto&quot;,&quot;jet_parallax_layout_bg_size_widescreen&quot;:&quot;&quot;,&quot;jet_parallax_layout_bg_size_laptop&quot;:&quot;&quot;,&quot;jet_parallax_layout_bg_size_tablet&quot;:&quot;&quot;,&quot;jet_parallax_layout_bg_size_mobile&quot;:&quot;&quot;,&quot;jet_parallax_layout_animation_prop&quot;:&quot;transform&quot;,&quot;jet_parallax_layout_on&quot;:[&quot;desktop&quot;,&quot;tablet&quot;]}]}\">\n\t\t\t\t\t\t<div class=\"elementor-container elementor-column-gap-default\">\n\t\t\t\t\t<div class=\"elementor-column elementor-col-50 elementor-top-column elementor-element elementor-element-43db575\" data-id=\"43db575\" data-element_type=\"column\" data-e-type=\"column\">\n\t\t\t<div class=\"elementor-widget-wrap elementor-element-populated\">\n\t\t\t\t\t\t<div class=\"elementor-element elementor-element-e521b45 elementor-widget elementor-widget-heading\" data-id=\"e521b45\" data-element_type=\"widget\" data-e-type=\"widget\" data-widget_type=\"heading.default\">\n\t\t\t\t<div class=\"elementor-widget-container\">\n\t\t\t\t\t<h2 class=\"elementor-heading-title elementor-size-default\">Vous avez perdu ou trouv\u00e9 un objet ?<\/h2>\t\t\t\t<\/div>\n\t\t\t\t<\/div>\n\t\t\t\t<div class=\"elementor-element elementor-element-9b4ec1f elementor-widget elementor-widget-text-editor\" data-id=\"9b4ec1f\" data-element_type=\"widget\" data-e-type=\"widget\" data-widget_type=\"text-editor.default\">\n\t\t\t\t<div class=\"elementor-widget-container\">\n\t\t\t\t\t\t\t\t\t<p><strong><a href=\"http:\/\/www.easyfind.ch\" target=\"_blank\" rel=\"noopener\">www.easyfind.ch<\/a><\/strong><strong>: LA solution pour tout le canton de Fribourg\u00a0!<\/strong><\/p><p>Depuis juin 2014, toutes les communes fribourgeoises sont connect\u00e9es \u00e0 la plateforme <a href=\"http:\/\/www.easyfind.ch\" target=\"_blank\" rel=\"noopener\">www.easyfind.ch<\/a>, le syst\u00e8me choisi par le Conseil d\u2019Etat pour g\u00e9rer les objets trouv\u00e9s de mani\u00e8re harmonis\u00e9e dans tout le canton.<\/p><p><a href=\"http:\/\/www.easyfind.ch\" target=\"_blank\" rel=\"noopener\">www.easyfind.ch<\/a> est une plateforme internet \u00e0 double acc\u00e8s. D\u2019une part pour les communes, qui y saisissent les objets trouv\u00e9s sur leurs territoires\u00a0; d\u2019autre part pour les propri\u00e9taires, qui peuvent y rechercher l\u2019objet qu\u2019ils ont perdu par le biais de mots-cl\u00e9s. Le syst\u00e8me permet une uniformisation des donn\u00e9es saisies et de la classification des objets trouv\u00e9s, mais il g\u00e9n\u00e8re aussi automatiquement courriers et notifications, soulageant ainsi le travail administratif des bureaux d\u2019objets trouv\u00e9s. Il permet en outre d\u2019effectuer des recherches globales transr\u00e9gionales, puisque les objets enregistr\u00e9s sont stock\u00e9s dans une base de donn\u00e9e centralis\u00e9e.<\/p>\t\t\t\t\t\t\t\t<\/div>\n\t\t\t\t<\/div>\n\t\t\t\t<div class=\"elementor-element elementor-element-20b294f elementor-widget elementor-widget-heading\" data-id=\"20b294f\" data-element_type=\"widget\" data-e-type=\"widget\" data-widget_type=\"heading.default\">\n\t\t\t\t<div class=\"elementor-widget-container\">\n\t\t\t\t\t<h2 class=\"elementor-heading-title elementor-size-default\">Comment proc\u00e9der ?<\/h2>\t\t\t\t<\/div>\n\t\t\t\t<\/div>\n\t\t\t\t<div class=\"elementor-element elementor-element-ad27fc9 elementor-widget elementor-widget-text-editor\" data-id=\"ad27fc9\" data-element_type=\"widget\" data-e-type=\"widget\" data-widget_type=\"text-editor.default\">\n\t\t\t\t<div class=\"elementor-widget-container\">\n\t\t\t\t\t\t\t\t\t<p><strong>Vous avez trouv\u00e9 un objet\u00a0?<\/strong><\/p><ul><li>D\u00e9posez-le au bureau des objets trouv\u00e9s ou \u00e0 l\u2019administration communale de n\u2019importe quelle commune fribourgeoise. L\u2019objet sera imm\u00e9diatement enregistr\u00e9 sur <a href=\"http:\/\/www.easyfind.ch\" target=\"_blank\" rel=\"noopener\">easyfind.ch<\/a>, la plus grande plateforme informatique suisse de gestion des objets trouv\u00e9s.<\/li><\/ul><p>Toutes les communes du canton sont connect\u00e9es \u00e0 easyfind et sont en mesure d\u2019enregistrer n\u2019importe quel objet trouv\u00e9 sur la plateforme informatique.<\/p><p><strong>Vous avez perdu un objet\u00a0?<\/strong><\/p><p>Deux solutions s\u2019offrent \u00e0 vous\u00a0!<\/p><ul><li>Rendez-vous sur le site internet <a href=\"http:\/\/www.easyfind.ch\" target=\"_blank\" rel=\"noopener\">easyfind.ch<\/a> et recherchez votre objet perdu en s\u00e9lectionnant les mots-cl\u00e9s adapt\u00e9s.<\/li><\/ul><ul><li>Rendez-vous au bureau des objets trouv\u00e9s ou \u00e0 l\u2019administration communale d\u2019une commune fribourgeoise. Le ou la pr\u00e9pos\u00e9-e aux objets trouv\u00e9s fera volontiers pour vous une recherche pouss\u00e9e dans le syst\u00e8me easyfind.<\/li><\/ul><p>Si votre objet perdu est enregistr\u00e9 sur la plateforme, vous obtiendrez toutes les coordonn\u00e9es utiles pour le r\u00e9cup\u00e9rer dans les meilleurs d\u00e9lais\u00a0!<\/p>\t\t\t\t\t\t\t\t<\/div>\n\t\t\t\t<\/div>\n\t\t\t\t\t<\/div>\n\t\t<\/div>\n\t\t\t\t<div class=\"elementor-column elementor-col-50 elementor-top-column elementor-element elementor-element-623d24c\" data-id=\"623d24c\" data-element_type=\"column\" data-e-type=\"column\">\n\t\t\t<div class=\"elementor-widget-wrap\">\n\t\t\t\t\t\t\t<\/div>\n\t\t<\/div>\n\t\t\t\t\t<\/div>\n\t\t<\/section>\n\t\t\t\t<\/div>\n\t\t","protected":false},"excerpt":{"rendered":"<p>Vous avez perdu ou trouv\u00e9 un objet ? www.easyfind.ch: LA solution pour tout le canton de Fribourg\u00a0! Depuis juin 2014, toutes les communes fribourgeoises sont connect\u00e9es \u00e0 la plateforme www.easyfind.ch, le syst\u00e8me choisi par le Conseil d\u2019Etat pour g\u00e9rer les objets trouv\u00e9s de mani\u00e8re harmonis\u00e9e dans tout le canton. www.easyfind.ch est une plateforme internet \u00e0 [&hellip;]<\/p>\n","protected":false},"author":2,"featured_media":0,"parent":0,"menu_order":0,"comment_status":"closed","ping_status":"closed","template":"","meta":{"_acf_changed":false},"class_list":["post-3329","page","type-page","status-publish","hentry","domaine-administration"],"acf":[],"publishpress_future_workflow_manual_trigger":{"enabledWorkflows":[]},"_links":{"self":[{"href":"https:\/\/courtepin.ch\/de\/wp-json\/wp\/v2\/pages\/3329","targetHints":{"allow":["GET"]}}],"collection":[{"href":"https:\/\/courtepin.ch\/de\/wp-json\/wp\/v2\/pages"}],"about":[{"href":"https:\/\/courtepin.ch\/de\/wp-json\/wp\/v2\/types\/page"}],"author":[{"embeddable":true,"href":"https:\/\/courtepin.ch\/de\/wp-json\/wp\/v2\/users\/2"}],"replies":[{"embeddable":true,"href":"https:\/\/courtepin.ch\/de\/wp-json\/wp\/v2\/comments?post=3329"}],"version-history":[{"count":15,"href":"https:\/\/courtepin.ch\/de\/wp-json\/wp\/v2\/pages\/3329\/revisions"}],"predecessor-version":[{"id":3384,"href":"https:\/\/courtepin.ch\/de\/wp-json\/wp\/v2\/pages\/3329\/revisions\/3384"}],"wp:attachment":[{"href":"https:\/\/courtepin.ch\/de\/wp-json\/wp\/v2\/media?parent=3329"}],"curies":[{"name":"wp","href":"https:\/\/api.w.org\/{rel}","templated":true}]}}