{"id":350,"date":"2022-03-06T00:25:00","date_gmt":"2022-03-05T23:25:00","guid":{"rendered":"https:\/\/courtepin.ch\/wordpress\/?page_id=350"},"modified":"2025-11-04T14:59:36","modified_gmt":"2025-11-04T13:59:36","slug":"ausschuss-fur-kultur-und-freizeit","status":"publish","type":"page","link":"https:\/\/courtepin.ch\/de\/ausschuss-fur-kultur-und-freizeit\/","title":{"rendered":"Kultur- und Freizeitkommission"},"content":{"rendered":"<div data-elementor-type=\"wp-page\" data-elementor-id=\"350\" class=\"elementor elementor-350\" data-elementor-post-type=\"page\">\n\t\t\t\t\t\t<section class=\"elementor-section elementor-top-section elementor-element elementor-element-da9a5aa elementor-section-height-min-height elementor-section-items-top page-standard elementor-section-boxed elementor-section-height-default\" data-id=\"da9a5aa\" data-element_type=\"section\" data-settings=\"{&quot;jet_parallax_layout_list&quot;:[{&quot;jet_parallax_layout_image&quot;:{&quot;url&quot;:&quot;&quot;,&quot;id&quot;:&quot;&quot;,&quot;size&quot;:&quot;&quot;},&quot;_id&quot;:&quot;0ced1f6&quot;,&quot;jet_parallax_layout_image_widescreen&quot;:{&quot;url&quot;:&quot;&quot;,&quot;id&quot;:&quot;&quot;,&quot;size&quot;:&quot;&quot;},&quot;jet_parallax_layout_image_laptop&quot;:{&quot;url&quot;:&quot;&quot;,&quot;id&quot;:&quot;&quot;,&quot;size&quot;:&quot;&quot;},&quot;jet_parallax_layout_image_tablet&quot;:{&quot;url&quot;:&quot;&quot;,&quot;id&quot;:&quot;&quot;,&quot;size&quot;:&quot;&quot;},&quot;jet_parallax_layout_image_mobile&quot;:{&quot;url&quot;:&quot;&quot;,&quot;id&quot;:&quot;&quot;,&quot;size&quot;:&quot;&quot;},&quot;jet_parallax_layout_speed&quot;:{&quot;unit&quot;:&quot;%&quot;,&quot;size&quot;:50,&quot;sizes&quot;:[]},&quot;jet_parallax_layout_type&quot;:&quot;scroll&quot;,&quot;jet_parallax_layout_direction&quot;:&quot;1&quot;,&quot;jet_parallax_layout_fx_direction&quot;:null,&quot;jet_parallax_layout_z_index&quot;:&quot;&quot;,&quot;jet_parallax_layout_bg_x&quot;:50,&quot;jet_parallax_layout_bg_x_widescreen&quot;:&quot;&quot;,&quot;jet_parallax_layout_bg_x_laptop&quot;:&quot;&quot;,&quot;jet_parallax_layout_bg_x_tablet&quot;:&quot;&quot;,&quot;jet_parallax_layout_bg_x_mobile&quot;:&quot;&quot;,&quot;jet_parallax_layout_bg_y&quot;:50,&quot;jet_parallax_layout_bg_y_widescreen&quot;:&quot;&quot;,&quot;jet_parallax_layout_bg_y_laptop&quot;:&quot;&quot;,&quot;jet_parallax_layout_bg_y_tablet&quot;:&quot;&quot;,&quot;jet_parallax_layout_bg_y_mobile&quot;:&quot;&quot;,&quot;jet_parallax_layout_bg_size&quot;:&quot;auto&quot;,&quot;jet_parallax_layout_bg_size_widescreen&quot;:&quot;&quot;,&quot;jet_parallax_layout_bg_size_laptop&quot;:&quot;&quot;,&quot;jet_parallax_layout_bg_size_tablet&quot;:&quot;&quot;,&quot;jet_parallax_layout_bg_size_mobile&quot;:&quot;&quot;,&quot;jet_parallax_layout_animation_prop&quot;:&quot;transform&quot;,&quot;jet_parallax_layout_on&quot;:[&quot;desktop&quot;,&quot;tablet&quot;]}]}\">\n\t\t\t\t\t\t<div class=\"elementor-container elementor-column-gap-default\">\n\t\t\t\t\t<div class=\"elementor-column elementor-col-50 elementor-top-column elementor-element elementor-element-00d21c7\" data-id=\"00d21c7\" data-element_type=\"column\">\n\t\t\t<div class=\"elementor-widget-wrap elementor-element-populated\">\n\t\t\t\t\t\t<div class=\"elementor-element elementor-element-1f1447c elementor-widget elementor-widget-image\" data-id=\"1f1447c\" data-element_type=\"widget\" data-widget_type=\"image.default\">\n\t\t\t\t<div class=\"elementor-widget-container\">\n\t\t\t\t\t\t\t\t\t\t\t\t\t\t\t<img fetchpriority=\"high\" decoding=\"async\" width=\"300\" height=\"300\" src=\"https:\/\/courtepin.ch\/wp-content\/uploads\/2025\/02\/20250213_Logo_CCL-300x300.jpg\" class=\"attachment-medium size-medium wp-image-9931\" alt=\"\" srcset=\"https:\/\/courtepin.ch\/wp-content\/uploads\/2025\/02\/20250213_Logo_CCL-300x300.jpg 300w, https:\/\/courtepin.ch\/wp-content\/uploads\/2025\/02\/20250213_Logo_CCL-150x150.jpg 150w, https:\/\/courtepin.ch\/wp-content\/uploads\/2025\/02\/20250213_Logo_CCL-12x12.jpg 12w, https:\/\/courtepin.ch\/wp-content\/uploads\/2025\/02\/20250213_Logo_CCL.jpg 500w\" sizes=\"(max-width: 300px) 100vw, 300px\" \/>\t\t\t\t\t\t\t\t\t\t\t\t\t\t\t<\/div>\n\t\t\t\t<\/div>\n\t\t\t\t<div class=\"elementor-element elementor-element-161f5e9 elementor-widget elementor-widget-heading\" data-id=\"161f5e9\" data-element_type=\"widget\" data-widget_type=\"heading.default\">\n\t\t\t\t<div class=\"elementor-widget-container\">\n\t\t\t\t\t<h2 class=\"elementor-heading-title elementor-size-default\">F\u00fcr ein dynamisches Courtepin!<\/h2>\t\t\t\t<\/div>\n\t\t\t\t<\/div>\n\t\t\t\t<div class=\"elementor-element elementor-element-9098e68 elementor-widget elementor-widget-ucaddon_box\" data-id=\"9098e68\" data-element_type=\"widget\" data-widget_type=\"ucaddon_box.default\">\n\t\t\t\t<div class=\"elementor-widget-container\">\n\t\t\t\t\t\n<!-- start Box -->\n\n<div class=\"content-box small-clip\">\n  <p>Die Kultur- und Freizeitkommission setzt sich wie folgt zusammen:<\/p><ul><li>Gilda Bello, Pr\u00e4sidentin<\/li><li>Marianne Bertrand<\/li><li>Lara Fantinati<\/li><li>Fanny Horner<\/li><li>Sandrine Spicher<\/li><\/ul><p>Der Ausschuss organisiert verschiedene Veranstaltungen und informiert \u00fcber die Aktivit\u00e4ten in der Gemeinde Courtepin - von K\u00fcnstlerauftritten bei Festisport \u00fcber die Radtour \"d\u00e9couVERTepin\" bis hin zum Sommermarkt.<\/p>\n<\/div>\n<!-- end Box -->\t\t\t\t<\/div>\n\t\t\t\t<\/div>\n\t\t\t\t\t<\/div>\n\t\t<\/div>\n\t\t\t\t<div class=\"elementor-column elementor-col-50 elementor-top-column elementor-element elementor-element-db33af4\" data-id=\"db33af4\" data-element_type=\"column\">\n\t\t\t<div class=\"elementor-widget-wrap\">\n\t\t\t\t\t\t\t<\/div>\n\t\t<\/div>\n\t\t\t\t\t<\/div>\n\t\t<\/section>\n\t\t\t\t<\/div>","protected":false},"excerpt":{"rendered":"<p>Pour une commune de Courtepin dynamique ! La commission culture et loisirs se compose de : Gilda Bello, pr\u00e9sidente Marianne Bertrand Lara Fantinati Fanny Horner Sandrine Spicher La commission organise divers \u00e9v\u00e9nements et informe des activit\u00e9s dans la commune de Courtepin &#8211; qu&rsquo;il s&rsquo;agisse de repr\u00e9sentations d&rsquo;artist.e.s \u00e0 Festisport, du circuit cycliste \u00ab\u00a0d\u00e9couVERTepin\u00a0\u00bb, ou encore [&hellip;]<\/p>","protected":false},"author":2,"featured_media":0,"parent":0,"menu_order":0,"comment_status":"closed","ping_status":"closed","template":"","meta":{"_acf_changed":false},"class_list":["post-350","page","type-page","status-publish","hentry","domaine-cultures-et-loisirs"],"acf":[],"publishpress_future_workflow_manual_trigger":{"enabledWorkflows":[]},"_links":{"self":[{"href":"https:\/\/courtepin.ch\/de\/wp-json\/wp\/v2\/pages\/350","targetHints":{"allow":["GET"]}}],"collection":[{"href":"https:\/\/courtepin.ch\/de\/wp-json\/wp\/v2\/pages"}],"about":[{"href":"https:\/\/courtepin.ch\/de\/wp-json\/wp\/v2\/types\/page"}],"author":[{"embeddable":true,"href":"https:\/\/courtepin.ch\/de\/wp-json\/wp\/v2\/users\/2"}],"replies":[{"embeddable":true,"href":"https:\/\/courtepin.ch\/de\/wp-json\/wp\/v2\/comments?post=350"}],"version-history":[{"count":40,"href":"https:\/\/courtepin.ch\/de\/wp-json\/wp\/v2\/pages\/350\/revisions"}],"predecessor-version":[{"id":12077,"href":"https:\/\/courtepin.ch\/de\/wp-json\/wp\/v2\/pages\/350\/revisions\/12077"}],"wp:attachment":[{"href":"https:\/\/courtepin.ch\/de\/wp-json\/wp\/v2\/media?parent=350"}],"curies":[{"name":"wp","href":"https:\/\/api.w.org\/{rel}","templated":true}]}}