{"id":365,"date":"2022-03-06T00:26:21","date_gmt":"2022-03-05T23:26:21","guid":{"rendered":"https:\/\/courtepin.ch\/wordpress\/?page_id=365"},"modified":"2025-09-23T14:25:25","modified_gmt":"2025-09-23T12:25:25","slug":"trinkwasser","status":"publish","type":"page","link":"https:\/\/courtepin.ch\/de\/eau-potable\/","title":{"rendered":"Trinkwasser"},"content":{"rendered":"\t\t<div data-elementor-type=\"wp-page\" data-elementor-id=\"365\" class=\"elementor elementor-365\" data-elementor-post-type=\"page\">\n\t\t\t\t\t\t<section class=\"elementor-section elementor-top-section elementor-element elementor-element-6e1b91e7 elementor-section-height-min-height elementor-section-items-top page-standard elementor-section-boxed elementor-section-height-default\" data-id=\"6e1b91e7\" data-element_type=\"section\" data-e-type=\"section\" data-settings=\"{&quot;jet_parallax_layout_list&quot;:[{&quot;jet_parallax_layout_image&quot;:{&quot;url&quot;:&quot;&quot;,&quot;id&quot;:&quot;&quot;,&quot;size&quot;:&quot;&quot;},&quot;_id&quot;:&quot;0ced1f6&quot;,&quot;jet_parallax_layout_image_widescreen&quot;:{&quot;url&quot;:&quot;&quot;,&quot;id&quot;:&quot;&quot;,&quot;size&quot;:&quot;&quot;},&quot;jet_parallax_layout_image_laptop&quot;:{&quot;url&quot;:&quot;&quot;,&quot;id&quot;:&quot;&quot;,&quot;size&quot;:&quot;&quot;},&quot;jet_parallax_layout_image_tablet&quot;:{&quot;url&quot;:&quot;&quot;,&quot;id&quot;:&quot;&quot;,&quot;size&quot;:&quot;&quot;},&quot;jet_parallax_layout_image_mobile&quot;:{&quot;url&quot;:&quot;&quot;,&quot;id&quot;:&quot;&quot;,&quot;size&quot;:&quot;&quot;},&quot;jet_parallax_layout_speed&quot;:{&quot;unit&quot;:&quot;%&quot;,&quot;size&quot;:50,&quot;sizes&quot;:[]},&quot;jet_parallax_layout_type&quot;:&quot;scroll&quot;,&quot;jet_parallax_layout_direction&quot;:&quot;1&quot;,&quot;jet_parallax_layout_fx_direction&quot;:null,&quot;jet_parallax_layout_z_index&quot;:&quot;&quot;,&quot;jet_parallax_layout_bg_x&quot;:50,&quot;jet_parallax_layout_bg_x_widescreen&quot;:&quot;&quot;,&quot;jet_parallax_layout_bg_x_laptop&quot;:&quot;&quot;,&quot;jet_parallax_layout_bg_x_tablet&quot;:&quot;&quot;,&quot;jet_parallax_layout_bg_x_mobile&quot;:&quot;&quot;,&quot;jet_parallax_layout_bg_y&quot;:50,&quot;jet_parallax_layout_bg_y_widescreen&quot;:&quot;&quot;,&quot;jet_parallax_layout_bg_y_laptop&quot;:&quot;&quot;,&quot;jet_parallax_layout_bg_y_tablet&quot;:&quot;&quot;,&quot;jet_parallax_layout_bg_y_mobile&quot;:&quot;&quot;,&quot;jet_parallax_layout_bg_size&quot;:&quot;auto&quot;,&quot;jet_parallax_layout_bg_size_widescreen&quot;:&quot;&quot;,&quot;jet_parallax_layout_bg_size_laptop&quot;:&quot;&quot;,&quot;jet_parallax_layout_bg_size_tablet&quot;:&quot;&quot;,&quot;jet_parallax_layout_bg_size_mobile&quot;:&quot;&quot;,&quot;jet_parallax_layout_animation_prop&quot;:&quot;transform&quot;,&quot;jet_parallax_layout_on&quot;:[&quot;desktop&quot;,&quot;tablet&quot;]}]}\">\n\t\t\t\t\t\t<div class=\"elementor-container elementor-column-gap-default\">\n\t\t\t\t\t<div class=\"elementor-column elementor-col-50 elementor-top-column elementor-element elementor-element-3969a12e\" data-id=\"3969a12e\" data-element_type=\"column\" data-e-type=\"column\">\n\t\t\t<div class=\"elementor-widget-wrap elementor-element-populated\">\n\t\t\t\t\t\t<div class=\"elementor-element elementor-element-34cf37f7 elementor-widget elementor-widget-heading\" data-id=\"34cf37f7\" data-element_type=\"widget\" data-e-type=\"widget\" data-widget_type=\"heading.default\">\n\t\t\t\t<div class=\"elementor-widget-container\">\n\t\t\t\t\t<h2 class=\"elementor-heading-title elementor-size-default\">Informations g\u00e9n\u00e9rales<\/h2>\t\t\t\t<\/div>\n\t\t\t\t<\/div>\n\t\t\t\t<div class=\"elementor-element elementor-element-5d762699 elementor-widget elementor-widget-text-editor\" data-id=\"5d762699\" data-element_type=\"widget\" data-e-type=\"widget\" data-widget_type=\"text-editor.default\">\n\t\t\t\t<div class=\"elementor-widget-container\">\n\t\t\t\t\t\t\t\t\t<p>L&rsquo;ordonnance f\u00e9d\u00e9rale sur l&rsquo;eau potable du 23 novembre 2005 retient dans l&rsquo;article 5 :\u00a0<\/p><p><em>Toute personne qui exploite des infrastructures d&rsquo;eau potable pour remettre de l&rsquo;eau potable aux consommateurs est tenue d&rsquo;informer ceux-ci au moins une fois par ann\u00e9e, de mani\u00e8re exhaustive, au sujet de la qualit\u00e9 de l&rsquo;eau potable.<\/em><\/p><p>Tous les \u00e9chantillons r\u00e9pondent aux exigences l\u00e9gales d&rsquo;une eau potable (contr\u00f4les en 2025). Le tableau ci-dessous pr\u00e9sente les plages de valeurs de duret\u00e9 et de teneur en nitrate de l&rsquo;eau potable.<\/p>\t\t\t\t\t\t\t\t<\/div>\n\t\t\t\t<\/div>\n\t\t\t\t<div class=\"elementor-element elementor-element-7a4136a elementor-widget elementor-widget-heading\" data-id=\"7a4136a\" data-element_type=\"widget\" data-e-type=\"widget\" data-widget_type=\"heading.default\">\n\t\t\t\t<div class=\"elementor-widget-container\">\n\t\t\t\t\t<h3 class=\"elementor-heading-title elementor-size-default\">Secteur Courtepin et Courtaman <\/h3>\t\t\t\t<\/div>\n\t\t\t\t<\/div>\n\t\t\t\t<div class=\"elementor-element elementor-element-9771ef4 elementor-widget elementor-widget-jet-table\" data-id=\"9771ef4\" data-element_type=\"widget\" data-e-type=\"widget\" data-widget_type=\"jet-table.default\">\n\t\t\t\t<div class=\"elementor-widget-container\">\n\t\t\t\t\t<div class=\"elementor-jet-table jet-elements\">\n\t\t<div class=\"jet-table-wrapper\">\n\t\t\t<table class=\"jet-table jet-table--fa5-compat\">\n\t\t\t\t<thead class=\"jet-table__head\"><tr class=\"jet-table__head-row\"><th class=\"jet-table__cell elementor-repeater-item-18ec3a5 jet-table__head-cell\" scope=\"col\"><div class=\"jet-table__cell-inner\"><div class=\"jet-table__cell-content\"><div class=\"jet-table__cell-text\">Param\u00e8tre<\/div><\/div><\/div><\/th><th class=\"jet-table__cell elementor-repeater-item-b953fdd jet-table__head-cell\" scope=\"col\"><div class=\"jet-table__cell-inner\"><div class=\"jet-table__cell-content\"><div class=\"jet-table__cell-text\">Valeur<\/div><\/div><\/div><\/th><th class=\"jet-table__cell elementor-repeater-item-5ced3ff jet-table__head-cell\" scope=\"col\"><div class=\"jet-table__cell-inner\"><div class=\"jet-table__cell-content\"><div class=\"jet-table__cell-text\">Remarque<\/div><\/div><\/div><\/th><\/tr><\/thead>\n\t\t\t\t\t\t\t\t<tbody class=\"jet-table__body\"><tr class=\"jet-table__body-row elementor-repeater-item-c1cd1e4\"><td class=\"jet-table__cell elementor-repeater-item-a0454e7 jet-table__body-cell\"><div class=\"jet-table__cell-inner\"><div class=\"jet-table__cell-content\"><div class=\"jet-table__cell-text\">Duret\u00e9 totale<\/div><\/div><\/div><\/td><td class=\"jet-table__cell elementor-repeater-item-c8cdf15 jet-table__body-cell\"><div class=\"jet-table__cell-inner\"><div class=\"jet-table__cell-content\"><div class=\"jet-table__cell-text\">29.5 degr\u00e9s fran\u00e7ais<\/div><\/div><\/div><\/td><td class=\"jet-table__cell elementor-repeater-item-6668521 jet-table__body-cell\"><div class=\"jet-table__cell-inner\"><div class=\"jet-table__cell-content\"><div class=\"jet-table__cell-text\">Assez dure<\/div><\/div><\/div><\/td><\/tr><tr class=\"jet-table__body-row elementor-repeater-item-cd96ac9\"><td class=\"jet-table__cell elementor-repeater-item-82738b4 jet-table__body-cell\"><div class=\"jet-table__cell-inner\"><div class=\"jet-table__cell-content\"><div class=\"jet-table__cell-text\">Teneur en nitrate<\/div><\/div><\/div><\/td><td class=\"jet-table__cell elementor-repeater-item-231bded jet-table__body-cell\"><div class=\"jet-table__cell-inner\"><div class=\"jet-table__cell-content\"><div class=\"jet-table__cell-text\">13 mg\/l<\/div><\/div><\/div><\/td><td class=\"jet-table__cell elementor-repeater-item-9ff9667 jet-table__body-cell\"><div class=\"jet-table__cell-inner\"><div class=\"jet-table__cell-content\"><div class=\"jet-table__cell-text\">Tol\u00e9rance l\u00e9gale 40 mg\/l<\/div><\/div><\/div><\/td><\/tr><\/tbody>\n\t\t\t<\/table>\n\t\t<\/div>\n\n\t\t<\/div>\t\t\t\t<\/div>\n\t\t\t\t<\/div>\n\t\t\t\t<div class=\"elementor-element elementor-element-3f4da04 elementor-widget elementor-widget-heading\" data-id=\"3f4da04\" data-element_type=\"widget\" data-e-type=\"widget\" data-widget_type=\"heading.default\">\n\t\t\t\t<div class=\"elementor-widget-container\">\n\t\t\t\t\t<h3 class=\"elementor-heading-title elementor-size-default\">Secteur Pensier et Barber\u00eache<\/h3>\t\t\t\t<\/div>\n\t\t\t\t<\/div>\n\t\t\t\t<div class=\"elementor-element elementor-element-31cae35 elementor-widget elementor-widget-jet-table\" data-id=\"31cae35\" data-element_type=\"widget\" data-e-type=\"widget\" data-widget_type=\"jet-table.default\">\n\t\t\t\t<div class=\"elementor-widget-container\">\n\t\t\t\t\t<div class=\"elementor-jet-table jet-elements\">\n\t\t<div class=\"jet-table-wrapper\">\n\t\t\t<table class=\"jet-table jet-table--fa5-compat\">\n\t\t\t\t<thead class=\"jet-table__head\"><tr class=\"jet-table__head-row\"><th class=\"jet-table__cell elementor-repeater-item-b1c08d6 jet-table__head-cell\" scope=\"col\"><div class=\"jet-table__cell-inner\"><div class=\"jet-table__cell-content\"><div class=\"jet-table__cell-text\">Param\u00e8tre<\/div><\/div><\/div><\/th><th class=\"jet-table__cell elementor-repeater-item-68b1ad6 jet-table__head-cell\" scope=\"col\"><div class=\"jet-table__cell-inner\"><div class=\"jet-table__cell-content\"><div class=\"jet-table__cell-text\">Valeur<\/div><\/div><\/div><\/th><th class=\"jet-table__cell elementor-repeater-item-a78c0af jet-table__head-cell\" scope=\"col\"><div class=\"jet-table__cell-inner\"><div class=\"jet-table__cell-content\"><div class=\"jet-table__cell-text\">Remarque<\/div><\/div><\/div><\/th><\/tr><\/thead>\n\t\t\t\t\t\t\t\t<tbody class=\"jet-table__body\"><tr class=\"jet-table__body-row elementor-repeater-item-08f6878\"><td class=\"jet-table__cell elementor-repeater-item-eea0f88 jet-table__body-cell\"><div class=\"jet-table__cell-inner\"><div class=\"jet-table__cell-content\"><div class=\"jet-table__cell-text\">Duret\u00e9 totale<\/div><\/div><\/div><\/td><td class=\"jet-table__cell elementor-repeater-item-04fd31c jet-table__body-cell\"><div class=\"jet-table__cell-inner\"><div class=\"jet-table__cell-content\"><div class=\"jet-table__cell-text\">28.8 degr\u00e9s fran\u00e7ais<\/div><\/div><\/div><\/td><td class=\"jet-table__cell elementor-repeater-item-29489f8 jet-table__body-cell\"><div class=\"jet-table__cell-inner\"><div class=\"jet-table__cell-content\"><div class=\"jet-table__cell-text\">Assez dure<\/div><\/div><\/div><\/td><\/tr><tr class=\"jet-table__body-row elementor-repeater-item-cc0f503\"><td class=\"jet-table__cell elementor-repeater-item-4edf64f jet-table__body-cell\"><div class=\"jet-table__cell-inner\"><div class=\"jet-table__cell-content\"><div class=\"jet-table__cell-text\">Teneur en nitrate<\/div><\/div><\/div><\/td><td class=\"jet-table__cell elementor-repeater-item-6c2f7dd jet-table__body-cell\"><div class=\"jet-table__cell-inner\"><div class=\"jet-table__cell-content\"><div class=\"jet-table__cell-text\">13 mg\/l<\/div><\/div><\/div><\/td><td class=\"jet-table__cell elementor-repeater-item-2c6e821 jet-table__body-cell\"><div class=\"jet-table__cell-inner\"><div class=\"jet-table__cell-content\"><div class=\"jet-table__cell-text\">Tol\u00e9rance l\u00e9gale 40 mg\/l<\/div><\/div><\/div><\/td><\/tr><\/tbody>\n\t\t\t<\/table>\n\t\t<\/div>\n\n\t\t<\/div>\t\t\t\t<\/div>\n\t\t\t\t<\/div>\n\t\t\t\t<div class=\"elementor-element elementor-element-5bab0bc elementor-widget elementor-widget-heading\" data-id=\"5bab0bc\" data-element_type=\"widget\" data-e-type=\"widget\" data-widget_type=\"heading.default\">\n\t\t\t\t<div class=\"elementor-widget-container\">\n\t\t\t\t\t<h3 class=\"elementor-heading-title elementor-size-default\">Secteur Villarepos<\/h3>\t\t\t\t<\/div>\n\t\t\t\t<\/div>\n\t\t\t\t<div class=\"elementor-element elementor-element-919f7a0 elementor-widget elementor-widget-jet-table\" data-id=\"919f7a0\" data-element_type=\"widget\" data-e-type=\"widget\" data-widget_type=\"jet-table.default\">\n\t\t\t\t<div class=\"elementor-widget-container\">\n\t\t\t\t\t<div class=\"elementor-jet-table jet-elements\">\n\t\t<div class=\"jet-table-wrapper\">\n\t\t\t<table class=\"jet-table jet-table--fa5-compat\">\n\t\t\t\t<thead class=\"jet-table__head\"><tr class=\"jet-table__head-row\"><th class=\"jet-table__cell elementor-repeater-item-05223aa jet-table__head-cell\" scope=\"col\"><div class=\"jet-table__cell-inner\"><div class=\"jet-table__cell-content\"><div class=\"jet-table__cell-text\">Param\u00e8tre<\/div><\/div><\/div><\/th><th class=\"jet-table__cell elementor-repeater-item-15c97dd jet-table__head-cell\" scope=\"col\"><div class=\"jet-table__cell-inner\"><div class=\"jet-table__cell-content\"><div class=\"jet-table__cell-text\">Valeur<\/div><\/div><\/div><\/th><th class=\"jet-table__cell elementor-repeater-item-ff9543d jet-table__head-cell\" scope=\"col\"><div class=\"jet-table__cell-inner\"><div class=\"jet-table__cell-content\"><div class=\"jet-table__cell-text\">Remarque<\/div><\/div><\/div><\/th><\/tr><\/thead>\n\t\t\t\t\t\t\t\t<tbody class=\"jet-table__body\"><tr class=\"jet-table__body-row elementor-repeater-item-f722363\"><td class=\"jet-table__cell elementor-repeater-item-1a04a62 jet-table__body-cell\"><div class=\"jet-table__cell-inner\"><div class=\"jet-table__cell-content\"><div class=\"jet-table__cell-text\">Duret\u00e9 totale<\/div><\/div><\/div><\/td><td class=\"jet-table__cell elementor-repeater-item-c05eba5 jet-table__body-cell\"><div class=\"jet-table__cell-inner\"><div class=\"jet-table__cell-content\"><div class=\"jet-table__cell-text\">33.9 degr\u00e9s fran\u00e7ais<\/div><\/div><\/div><\/td><td class=\"jet-table__cell elementor-repeater-item-226f35f jet-table__body-cell\"><div class=\"jet-table__cell-inner\"><div class=\"jet-table__cell-content\"><div class=\"jet-table__cell-text\">Dure<\/div><\/div><\/div><\/td><\/tr><tr class=\"jet-table__body-row elementor-repeater-item-2fdef52\"><td class=\"jet-table__cell elementor-repeater-item-ae40e43 jet-table__body-cell\"><div class=\"jet-table__cell-inner\"><div class=\"jet-table__cell-content\"><div class=\"jet-table__cell-text\">Teneur en nitrate<\/div><\/div><\/div><\/td><td class=\"jet-table__cell elementor-repeater-item-3dabe57 jet-table__body-cell\"><div class=\"jet-table__cell-inner\"><div class=\"jet-table__cell-content\"><div class=\"jet-table__cell-text\">15 mg\/l<\/div><\/div><\/div><\/td><td class=\"jet-table__cell elementor-repeater-item-e98248f jet-table__body-cell\"><div class=\"jet-table__cell-inner\"><div class=\"jet-table__cell-content\"><div class=\"jet-table__cell-text\">Tol\u00e9rance l\u00e9gale 40 mg\/l<\/div><\/div><\/div><\/td><\/tr><\/tbody>\n\t\t\t<\/table>\n\t\t<\/div>\n\n\t\t<\/div>\t\t\t\t<\/div>\n\t\t\t\t<\/div>\n\t\t\t\t<div class=\"elementor-element elementor-element-bb5658f elementor-widget elementor-widget-heading\" data-id=\"bb5658f\" data-element_type=\"widget\" data-e-type=\"widget\" data-widget_type=\"heading.default\">\n\t\t\t\t<div class=\"elementor-widget-container\">\n\t\t\t\t\t<h3 class=\"elementor-heading-title elementor-size-default\">Secteur Wallenried<\/h3>\t\t\t\t<\/div>\n\t\t\t\t<\/div>\n\t\t\t\t<div class=\"elementor-element elementor-element-d1ac103 elementor-widget elementor-widget-jet-table\" data-id=\"d1ac103\" data-element_type=\"widget\" data-e-type=\"widget\" data-widget_type=\"jet-table.default\">\n\t\t\t\t<div class=\"elementor-widget-container\">\n\t\t\t\t\t<div class=\"elementor-jet-table jet-elements\">\n\t\t<div class=\"jet-table-wrapper\">\n\t\t\t<table class=\"jet-table jet-table--fa5-compat\">\n\t\t\t\t<thead class=\"jet-table__head\"><tr class=\"jet-table__head-row\"><th class=\"jet-table__cell elementor-repeater-item-05223aa jet-table__head-cell\" scope=\"col\"><div class=\"jet-table__cell-inner\"><div class=\"jet-table__cell-content\"><div class=\"jet-table__cell-text\">Param\u00e8tre<\/div><\/div><\/div><\/th><th class=\"jet-table__cell elementor-repeater-item-15c97dd jet-table__head-cell\" scope=\"col\"><div class=\"jet-table__cell-inner\"><div class=\"jet-table__cell-content\"><div class=\"jet-table__cell-text\">Valeur<\/div><\/div><\/div><\/th><th class=\"jet-table__cell elementor-repeater-item-ff9543d jet-table__head-cell\" scope=\"col\"><div class=\"jet-table__cell-inner\"><div class=\"jet-table__cell-content\"><div class=\"jet-table__cell-text\">Remarque<\/div><\/div><\/div><\/th><\/tr><\/thead>\n\t\t\t\t\t\t\t\t<tbody class=\"jet-table__body\"><tr class=\"jet-table__body-row elementor-repeater-item-f722363\"><td class=\"jet-table__cell elementor-repeater-item-1a04a62 jet-table__body-cell\"><div class=\"jet-table__cell-inner\"><div class=\"jet-table__cell-content\"><div class=\"jet-table__cell-text\">Duret\u00e9 totale<\/div><\/div><\/div><\/td><td class=\"jet-table__cell elementor-repeater-item-c05eba5 jet-table__body-cell\"><div class=\"jet-table__cell-inner\"><div class=\"jet-table__cell-content\"><div class=\"jet-table__cell-text\">27.9 degr\u00e9s fran\u00e7ais<\/div><\/div><\/div><\/td><td class=\"jet-table__cell elementor-repeater-item-226f35f jet-table__body-cell\"><div class=\"jet-table__cell-inner\"><div class=\"jet-table__cell-content\"><div class=\"jet-table__cell-text\">Dure<\/div><\/div><\/div><\/td><\/tr><tr class=\"jet-table__body-row elementor-repeater-item-2fdef52\"><td class=\"jet-table__cell elementor-repeater-item-ae40e43 jet-table__body-cell\"><div class=\"jet-table__cell-inner\"><div class=\"jet-table__cell-content\"><div class=\"jet-table__cell-text\">Teneur en nitrate<\/div><\/div><\/div><\/td><td class=\"jet-table__cell elementor-repeater-item-3dabe57 jet-table__body-cell\"><div class=\"jet-table__cell-inner\"><div class=\"jet-table__cell-content\"><div class=\"jet-table__cell-text\">12 mg\/l<\/div><\/div><\/div><\/td><td class=\"jet-table__cell elementor-repeater-item-e98248f jet-table__body-cell\"><div class=\"jet-table__cell-inner\"><div class=\"jet-table__cell-content\"><div class=\"jet-table__cell-text\">Tol\u00e9rance l\u00e9gale 40 mg\/l<\/div><\/div><\/div><\/td><\/tr><\/tbody>\n\t\t\t<\/table>\n\t\t<\/div>\n\n\t\t<\/div>\t\t\t\t<\/div>\n\t\t\t\t<\/div>\n\t\t\t\t<div class=\"elementor-element elementor-element-be0acf2 elementor-widget elementor-widget-text-editor\" data-id=\"be0acf2\" data-element_type=\"widget\" data-e-type=\"widget\" data-widget_type=\"text-editor.default\">\n\t\t\t\t<div class=\"elementor-widget-container\">\n\t\t\t\t\t\t\t\t\t<p>Degr\u00e9s fran\u00e7ais, indications :<\/p><ul><li>0 \u00e0 7 : tr\u00e8s doux<\/li><li>plus de 7 \u00e0 15 : doux<\/li><li>plus de 15 \u00e0 25 : duret\u00e9 moyenne<\/li><li>plus de 25 \u00e0 32 : assez dure<\/li><li>plus de 32 \u00e0 42 : dure<\/li><li>plus de 42 : tr\u00e8s dure<\/li><\/ul><p>Le site internet <a href=\"https:\/\/trinkwasser.ch\/fr\" target=\"_blank\" rel=\"noopener\">www.trinkwasser.ch<\/a> regroupe les informations sur la qualit\u00e9 de l&rsquo;eau d&rsquo;un grand nombre de communes de toute la Suisse.<\/p>\t\t\t\t\t\t\t\t<\/div>\n\t\t\t\t<\/div>\n\t\t\t\t<div class=\"elementor-element elementor-element-722b6ac elementor-widget elementor-widget-ucaddon_box\" data-id=\"722b6ac\" data-element_type=\"widget\" data-e-type=\"widget\" data-widget_type=\"ucaddon_box.default\">\n\t\t\t\t<div class=\"elementor-widget-container\">\n\t\t\t\t\t\n<!-- start Box -->\n\n<div class=\"content-box small-clip\">\n  <h3>Contact\u00a0<\/h3><p>Pour de plus amples renseignements, nous restons volontiers \u00e0 votre disposition :<\/p><ul><li>Service technique : 026 684 18 34 - taper 3<\/li><li>Services industrielles de la ville de Fribourg : 026 350 11 60<\/li><\/ul>\n<\/div>\n<!-- end Box -->\t\t\t\t<\/div>\n\t\t\t\t<\/div>\n\t\t\t\t<div class=\"elementor-element elementor-element-6d787a0 elementor-widget elementor-widget-heading\" data-id=\"6d787a0\" data-element_type=\"widget\" data-e-type=\"widget\" data-widget_type=\"heading.default\">\n\t\t\t\t<div class=\"elementor-widget-container\">\n\t\t\t\t\t<h2 class=\"elementor-heading-title elementor-size-default\">SINEF : service de permanence et d'intervention (SPI)<\/h2>\t\t\t\t<\/div>\n\t\t\t\t<\/div>\n\t\t\t\t<div class=\"elementor-element elementor-element-4ee239a elementor-widget elementor-widget-text-editor\" data-id=\"4ee239a\" data-element_type=\"widget\" data-e-type=\"widget\" data-widget_type=\"text-editor.default\">\n\t\t\t\t<div class=\"elementor-widget-container\">\n\t\t\t\t\t\t\t\t\t<p>D\u00e8s le 14 mai 2025, le service de permanence et d&rsquo;intervention de SINEF pourra \u00eatre contact\u00e9 au num\u00e9ro suivant :<\/p><p>0800 0 74633<\/p><p>(0800 0 SINEF)<\/p><p>24h\/24, 365 jours\/an<\/p><p>Lors de votre appel,\u00a0 vous aurez la possibilit\u00e9 de choisir entre une intervention eau ou gaz<\/p>\t\t\t\t\t\t\t\t<\/div>\n\t\t\t\t<\/div>\n\t\t\t\t\t<\/div>\n\t\t<\/div>\n\t\t\t\t<div class=\"elementor-column elementor-col-50 elementor-top-column elementor-element elementor-element-6e6f8b44\" data-id=\"6e6f8b44\" data-element_type=\"column\" data-e-type=\"column\">\n\t\t\t<div class=\"elementor-widget-wrap elementor-element-populated\">\n\t\t\t\t\t\t<div class=\"elementor-element elementor-element-9b3ad69 elementor-widget elementor-widget-image\" data-id=\"9b3ad69\" data-element_type=\"widget\" data-e-type=\"widget\" data-widget_type=\"image.default\">\n\t\t\t\t<div class=\"elementor-widget-container\">\n\t\t\t\t\t\t\t\t\t\t\t\t\t\t\t<img fetchpriority=\"high\" decoding=\"async\" width=\"800\" height=\"800\" src=\"https:\/\/courtepin.ch\/wp-content\/uploads\/2025\/09\/20250922_goutte_eau-1024x1024.png\" class=\"attachment-large size-large wp-image-11848\" alt=\"\" srcset=\"https:\/\/courtepin.ch\/wp-content\/uploads\/2025\/09\/20250922_goutte_eau-1024x1024.png 1024w, https:\/\/courtepin.ch\/wp-content\/uploads\/2025\/09\/20250922_goutte_eau-300x300.png 300w, https:\/\/courtepin.ch\/wp-content\/uploads\/2025\/09\/20250922_goutte_eau-150x150.png 150w, https:\/\/courtepin.ch\/wp-content\/uploads\/2025\/09\/20250922_goutte_eau-768x768.png 768w, https:\/\/courtepin.ch\/wp-content\/uploads\/2025\/09\/20250922_goutte_eau-1536x1536.png 1536w, https:\/\/courtepin.ch\/wp-content\/uploads\/2025\/09\/20250922_goutte_eau-12x12.png 12w, https:\/\/courtepin.ch\/wp-content\/uploads\/2025\/09\/20250922_goutte_eau.png 1600w\" sizes=\"(max-width: 800px) 100vw, 800px\" \/>\t\t\t\t\t\t\t\t\t\t\t\t\t\t\t<\/div>\n\t\t\t\t<\/div>\n\t\t\t\t\t<\/div>\n\t\t<\/div>\n\t\t\t\t\t<\/div>\n\t\t<\/section>\n\t\t\t\t<\/div>\n\t\t","protected":false},"excerpt":{"rendered":"<p>Informations g\u00e9n\u00e9rales L&rsquo;ordonnance f\u00e9d\u00e9rale sur l&rsquo;eau potable du 23 novembre 2005 retient dans l&rsquo;article 5 :\u00a0 Toute personne qui exploite des infrastructures d&rsquo;eau potable pour remettre de l&rsquo;eau potable aux consommateurs est tenue d&rsquo;informer ceux-ci au moins une fois par ann\u00e9e, de mani\u00e8re exhaustive, au sujet de la qualit\u00e9 de l&rsquo;eau potable. Tous les \u00e9chantillons [&hellip;]<\/p>\n","protected":false},"author":2,"featured_media":0,"parent":0,"menu_order":0,"comment_status":"closed","ping_status":"closed","template":"","meta":{"_acf_changed":false},"class_list":["post-365","page","type-page","status-publish","hentry","domaine-environnement-constructions"],"acf":[],"publishpress_future_workflow_manual_trigger":{"enabledWorkflows":[]},"_links":{"self":[{"href":"https:\/\/courtepin.ch\/de\/wp-json\/wp\/v2\/pages\/365","targetHints":{"allow":["GET"]}}],"collection":[{"href":"https:\/\/courtepin.ch\/de\/wp-json\/wp\/v2\/pages"}],"about":[{"href":"https:\/\/courtepin.ch\/de\/wp-json\/wp\/v2\/types\/page"}],"author":[{"embeddable":true,"href":"https:\/\/courtepin.ch\/de\/wp-json\/wp\/v2\/users\/2"}],"replies":[{"embeddable":true,"href":"https:\/\/courtepin.ch\/de\/wp-json\/wp\/v2\/comments?post=365"}],"version-history":[{"count":73,"href":"https:\/\/courtepin.ch\/de\/wp-json\/wp\/v2\/pages\/365\/revisions"}],"predecessor-version":[{"id":11852,"href":"https:\/\/courtepin.ch\/de\/wp-json\/wp\/v2\/pages\/365\/revisions\/11852"}],"wp:attachment":[{"href":"https:\/\/courtepin.ch\/de\/wp-json\/wp\/v2\/media?parent=365"}],"curies":[{"name":"wp","href":"https:\/\/api.w.org\/{rel}","templated":true}]}}