{"id":375,"date":"2022-03-06T00:27:40","date_gmt":"2022-03-05T23:27:40","guid":{"rendered":"https:\/\/courtepin.ch\/wordpress\/?page_id=375"},"modified":"2025-07-03T13:37:59","modified_gmt":"2025-07-03T11:37:59","slug":"strasen-und-transport","status":"publish","type":"page","link":"https:\/\/courtepin.ch\/de\/strasen-und-transport\/","title":{"rendered":"Strassen und Verkehr"},"content":{"rendered":"<div data-elementor-type=\"wp-page\" data-elementor-id=\"375\" class=\"elementor elementor-375\" data-elementor-post-type=\"page\">\n\t\t\t\t\t\t<section class=\"elementor-section elementor-top-section elementor-element elementor-element-a21e288 elementor-section-boxed elementor-section-height-default elementor-section-height-default\" data-id=\"a21e288\" data-element_type=\"section\" data-settings=\"{&quot;jet_parallax_layout_list&quot;:[]}\">\n\t\t\t\t\t\t<div class=\"elementor-container elementor-column-gap-default\">\n\t\t\t\t\t<div class=\"elementor-column elementor-col-100 elementor-top-column elementor-element elementor-element-8a824b5\" data-id=\"8a824b5\" data-element_type=\"column\">\n\t\t\t<div class=\"elementor-widget-wrap elementor-element-populated\">\n\t\t\t\t\t\t\t<\/div>\n\t\t<\/div>\n\t\t\t\t\t<\/div>\n\t\t<\/section>\n\t\t\t\t<section class=\"elementor-section elementor-top-section elementor-element elementor-element-2064b5b elementor-section-height-min-height elementor-section-items-top page-standard elementor-section-boxed elementor-section-height-default\" data-id=\"2064b5b\" data-element_type=\"section\" data-settings=\"{&quot;jet_parallax_layout_list&quot;:[{&quot;jet_parallax_layout_image&quot;:{&quot;url&quot;:&quot;&quot;,&quot;id&quot;:&quot;&quot;,&quot;size&quot;:&quot;&quot;},&quot;_id&quot;:&quot;0ced1f6&quot;,&quot;jet_parallax_layout_image_widescreen&quot;:{&quot;url&quot;:&quot;&quot;,&quot;id&quot;:&quot;&quot;,&quot;size&quot;:&quot;&quot;},&quot;jet_parallax_layout_image_laptop&quot;:{&quot;url&quot;:&quot;&quot;,&quot;id&quot;:&quot;&quot;,&quot;size&quot;:&quot;&quot;},&quot;jet_parallax_layout_image_tablet&quot;:{&quot;url&quot;:&quot;&quot;,&quot;id&quot;:&quot;&quot;,&quot;size&quot;:&quot;&quot;},&quot;jet_parallax_layout_image_mobile&quot;:{&quot;url&quot;:&quot;&quot;,&quot;id&quot;:&quot;&quot;,&quot;size&quot;:&quot;&quot;},&quot;jet_parallax_layout_speed&quot;:{&quot;unit&quot;:&quot;%&quot;,&quot;size&quot;:50,&quot;sizes&quot;:[]},&quot;jet_parallax_layout_type&quot;:&quot;scroll&quot;,&quot;jet_parallax_layout_direction&quot;:&quot;1&quot;,&quot;jet_parallax_layout_fx_direction&quot;:null,&quot;jet_parallax_layout_z_index&quot;:&quot;&quot;,&quot;jet_parallax_layout_bg_x&quot;:50,&quot;jet_parallax_layout_bg_x_widescreen&quot;:&quot;&quot;,&quot;jet_parallax_layout_bg_x_laptop&quot;:&quot;&quot;,&quot;jet_parallax_layout_bg_x_tablet&quot;:&quot;&quot;,&quot;jet_parallax_layout_bg_x_mobile&quot;:&quot;&quot;,&quot;jet_parallax_layout_bg_y&quot;:50,&quot;jet_parallax_layout_bg_y_widescreen&quot;:&quot;&quot;,&quot;jet_parallax_layout_bg_y_laptop&quot;:&quot;&quot;,&quot;jet_parallax_layout_bg_y_tablet&quot;:&quot;&quot;,&quot;jet_parallax_layout_bg_y_mobile&quot;:&quot;&quot;,&quot;jet_parallax_layout_bg_size&quot;:&quot;auto&quot;,&quot;jet_parallax_layout_bg_size_widescreen&quot;:&quot;&quot;,&quot;jet_parallax_layout_bg_size_laptop&quot;:&quot;&quot;,&quot;jet_parallax_layout_bg_size_tablet&quot;:&quot;&quot;,&quot;jet_parallax_layout_bg_size_mobile&quot;:&quot;&quot;,&quot;jet_parallax_layout_animation_prop&quot;:&quot;transform&quot;,&quot;jet_parallax_layout_on&quot;:[&quot;desktop&quot;,&quot;tablet&quot;]}]}\">\n\t\t\t\t\t\t<div class=\"elementor-container elementor-column-gap-default\">\n\t\t\t\t\t<div class=\"elementor-column elementor-col-50 elementor-top-column elementor-element elementor-element-b05cfb4\" data-id=\"b05cfb4\" data-element_type=\"column\">\n\t\t\t<div class=\"elementor-widget-wrap elementor-element-populated\">\n\t\t\t\t\t\t<div class=\"elementor-element elementor-element-224cf07 elementor-widget elementor-widget-heading\" data-id=\"224cf07\" data-element_type=\"widget\" data-widget_type=\"heading.default\">\n\t\t\t\t<div class=\"elementor-widget-container\">\n\t\t\t\t\t<h2 class=\"elementor-heading-title elementor-size-default\">Zusammenfassung der Strassensituation<\/h2>\t\t\t\t<\/div>\n\t\t\t\t<\/div>\n\t\t\t\t<div class=\"elementor-element elementor-element-d77d627 elementor-widget elementor-widget-text-editor\" data-id=\"d77d627\" data-element_type=\"widget\" data-widget_type=\"text-editor.default\">\n\t\t\t\t<div class=\"elementor-widget-container\">\n\t\t\t\t\t\t\t\t\t<p>Kommunale Wege und Strassen \u00ab Dorf \u00bb : 41 km<\/p><p>Kommunale Landwirtschaftswege und -strassen : 25 km<\/p><p>Alle Wege und Strassen auf dem Gemeindegebiet : 66 km<\/p><p><strong>K\u00fcnftige 30km\/h-Zonen<\/strong><\/p><p>Mehrere Tempo-30-Zonen werden in K\u00fcrze eingerichtet.<\/p><p>Es handelt sich um folgende Gebiete:<\/p><ul><li>Pensier und Courtaman Schule: Baugenehmigung erteilt. Baubeginn im Mai 2025.<\/li><li>Zentrum Wallenried und Genevr\u00e9s: Warten auf die Baubewilligung<\/li><\/ul><p><strong>Verwechslung von 30km\/h-Zone und 30km\/h-Geschwindigkeitsbeschr\u00e4nkung<\/strong><\/p><p>Die 30km\/h-Zonen und 30km\/h-Geschwindigkeitsbeschr\u00e4nkungen werden oft verwechselt:<\/p><ul><li>Die Tempo-30-Zonen sind durch Schilder \"Zone 30\" an der Ein- und Ausfahrt jeder Zone klar definiert. Auch Hindernisse (Verengungen, Bodenwellen, ...) sind vorhanden, um die Fahrzeuge zu verlangsamen. Es gibt keine Fussg\u00e4ngerstreifen, die Fussg\u00e4nger \u00fcberqueren die Strasse, wo sie wollen. Es gilt Rechtsvortritt.<\/li><li>Die Geschwindigkeitsbegrenzung auf 30 km\/h wird nur durch Geschwindigkeitsschilder angezeigt. Diese Beschr\u00e4nkung endet an jeder Kreuzung, weshalb an mehreren Stellen des Abschnitts Schilder aufgestellt sind (Beispiel: Route des Marais). Diese Geschwindigkeitsreduzierung soll den Strassenl\u00e4rm verringern, weshalb sie oft mit dem Einbau von schallabsorbierendem Belag kombiniert wird.<\/li><\/ul><p><strong>Priorisierung von Strassen<\/strong><\/p><p>Eine Analyse des Zustands der Gemeindestrassen, einschliesslich der kommunalen Landwirtschaftswege, wurde durchgef\u00fchrt, um eine Planung f\u00fcr Instandsetzungsarbeiten zu erstellen. Sie wurden in drei Gruppen eingeteilt:<\/p><ul><li>Priorit\u00e4t Nr. 1: Arbeiten, die innerhalb von 5 Jahren realisiert werden<\/li><li>Priorit\u00e4t Nr. 2: Arbeiten, die innerhalb von 5 bis 15 Jahren realisiert werden<\/li><li>Priorit\u00e4t Nr. 3: Arbeiten, die in 15 Jahren oder sp\u00e4ter realisiert werden<\/li><\/ul>\t\t\t\t\t\t\t\t<\/div>\n\t\t\t\t<\/div>\n\t\t\t\t<div class=\"elementor-element elementor-element-20b9d51 elementor-widget elementor-widget-heading\" data-id=\"20b9d51\" data-element_type=\"widget\" data-widget_type=\"heading.default\">\n\t\t\t\t<div class=\"elementor-widget-container\">\n\t\t\t\t\t<h2 class=\"elementor-heading-title elementor-size-default\">Guide Velo<\/h2>\t\t\t\t<\/div>\n\t\t\t\t<\/div>\n\t\t\t\t<div class=\"elementor-element elementor-element-b14b115 elementor-widget elementor-widget-text-editor\" data-id=\"b14b115\" data-element_type=\"widget\" data-widget_type=\"text-editor.default\">\n\t\t\t\t<div class=\"elementor-widget-container\">\n\t\t\t\t\t\t\t\t\t<p>Die Strassen- und Verkehrsinfrastruktur spielt eine wichtige Rolle bei der t\u00e4glichen Fortbewegung. Gleichzeitig werden Anstrengungen unternommen, um nachhaltige Alternativen wie sanfte Mobilit\u00e4t zu f\u00f6rdern.<\/p><p><a href=\"https:\/\/www.guide-velo.ch\/d\" target=\"_blank\" rel=\"noopener\">Guide Velo - Massnahmen zur Velof\u00f6rderung<\/a><\/p>\t\t\t\t\t\t\t\t<\/div>\n\t\t\t\t<\/div>\n\t\t\t\t\t<\/div>\n\t\t<\/div>\n\t\t\t\t<div class=\"elementor-column elementor-col-50 elementor-top-column elementor-element elementor-element-9a6a37c\" data-id=\"9a6a37c\" data-element_type=\"column\">\n\t\t\t<div class=\"elementor-widget-wrap\">\n\t\t\t\t\t\t\t<\/div>\n\t\t<\/div>\n\t\t\t\t\t<\/div>\n\t\t<\/section>\n\t\t\t\t<\/div>","protected":false},"excerpt":{"rendered":"<p>Zusammenfassung der Stra\u00dfensituation in der Gemeinde Kommunale Wege und Stra\u00dfen \"Dorf\": 41 km Kommunale landwirtschaftliche Wege und Stra\u00dfen: 25 km Alle Wege und Stra\u00dfen auf dem Gemeindegebiet: 66 km Zuk\u00fcnftige 30 km\/h-Zonen Mehrere 30 km\/h-Zonen werden in K\u00fcrze eingerichtet Es handelt sich um die folgenden Zonen: [...]<\/p>","protected":false},"author":2,"featured_media":0,"parent":0,"menu_order":0,"comment_status":"closed","ping_status":"closed","template":"","meta":{"_acf_changed":false},"class_list":["post-375","page","type-page","status-publish","hentry","domaine-environnement-constructions"],"acf":[],"publishpress_future_workflow_manual_trigger":{"enabledWorkflows":[]},"_links":{"self":[{"href":"https:\/\/courtepin.ch\/de\/wp-json\/wp\/v2\/pages\/375","targetHints":{"allow":["GET"]}}],"collection":[{"href":"https:\/\/courtepin.ch\/de\/wp-json\/wp\/v2\/pages"}],"about":[{"href":"https:\/\/courtepin.ch\/de\/wp-json\/wp\/v2\/types\/page"}],"author":[{"embeddable":true,"href":"https:\/\/courtepin.ch\/de\/wp-json\/wp\/v2\/users\/2"}],"replies":[{"embeddable":true,"href":"https:\/\/courtepin.ch\/de\/wp-json\/wp\/v2\/comments?post=375"}],"version-history":[{"count":31,"href":"https:\/\/courtepin.ch\/de\/wp-json\/wp\/v2\/pages\/375\/revisions"}],"predecessor-version":[{"id":11641,"href":"https:\/\/courtepin.ch\/de\/wp-json\/wp\/v2\/pages\/375\/revisions\/11641"}],"wp:attachment":[{"href":"https:\/\/courtepin.ch\/de\/wp-json\/wp\/v2\/media?parent=375"}],"curies":[{"name":"wp","href":"https:\/\/api.w.org\/{rel}","templated":true}]}}