{"id":385,"date":"2022-03-06T00:30:20","date_gmt":"2022-03-05T23:30:20","guid":{"rendered":"https:\/\/courtepin.ch\/wordpress\/?page_id=385"},"modified":"2023-10-27T15:25:23","modified_gmt":"2023-10-27T13:25:23","slug":"gemeinderat","status":"publish","type":"page","link":"https:\/\/courtepin.ch\/de\/gemeinderat\/","title":{"rendered":"Gemeinderat"},"content":{"rendered":"<div data-elementor-type=\"wp-page\" data-elementor-id=\"385\" class=\"elementor elementor-385\" data-elementor-post-type=\"page\">\n\t\t\t\t\t\t<section class=\"elementor-section elementor-top-section elementor-element elementor-element-542fe1eb elementor-section-height-min-height elementor-section-items-top page-standard elementor-section-boxed elementor-section-height-default\" data-id=\"542fe1eb\" data-element_type=\"section\" data-settings=\"{&quot;jet_parallax_layout_list&quot;:[{&quot;jet_parallax_layout_image&quot;:{&quot;url&quot;:&quot;&quot;,&quot;id&quot;:&quot;&quot;,&quot;size&quot;:&quot;&quot;},&quot;_id&quot;:&quot;0ced1f6&quot;,&quot;jet_parallax_layout_image_widescreen&quot;:{&quot;url&quot;:&quot;&quot;,&quot;id&quot;:&quot;&quot;,&quot;size&quot;:&quot;&quot;},&quot;jet_parallax_layout_image_laptop&quot;:{&quot;url&quot;:&quot;&quot;,&quot;id&quot;:&quot;&quot;,&quot;size&quot;:&quot;&quot;},&quot;jet_parallax_layout_image_tablet&quot;:{&quot;url&quot;:&quot;&quot;,&quot;id&quot;:&quot;&quot;,&quot;size&quot;:&quot;&quot;},&quot;jet_parallax_layout_image_mobile&quot;:{&quot;url&quot;:&quot;&quot;,&quot;id&quot;:&quot;&quot;,&quot;size&quot;:&quot;&quot;},&quot;jet_parallax_layout_speed&quot;:{&quot;unit&quot;:&quot;%&quot;,&quot;size&quot;:50,&quot;sizes&quot;:[]},&quot;jet_parallax_layout_type&quot;:&quot;scroll&quot;,&quot;jet_parallax_layout_direction&quot;:&quot;1&quot;,&quot;jet_parallax_layout_fx_direction&quot;:null,&quot;jet_parallax_layout_z_index&quot;:&quot;&quot;,&quot;jet_parallax_layout_bg_x&quot;:50,&quot;jet_parallax_layout_bg_x_widescreen&quot;:&quot;&quot;,&quot;jet_parallax_layout_bg_x_laptop&quot;:&quot;&quot;,&quot;jet_parallax_layout_bg_x_tablet&quot;:&quot;&quot;,&quot;jet_parallax_layout_bg_x_mobile&quot;:&quot;&quot;,&quot;jet_parallax_layout_bg_y&quot;:50,&quot;jet_parallax_layout_bg_y_widescreen&quot;:&quot;&quot;,&quot;jet_parallax_layout_bg_y_laptop&quot;:&quot;&quot;,&quot;jet_parallax_layout_bg_y_tablet&quot;:&quot;&quot;,&quot;jet_parallax_layout_bg_y_mobile&quot;:&quot;&quot;,&quot;jet_parallax_layout_bg_size&quot;:&quot;auto&quot;,&quot;jet_parallax_layout_bg_size_widescreen&quot;:&quot;&quot;,&quot;jet_parallax_layout_bg_size_laptop&quot;:&quot;&quot;,&quot;jet_parallax_layout_bg_size_tablet&quot;:&quot;&quot;,&quot;jet_parallax_layout_bg_size_mobile&quot;:&quot;&quot;,&quot;jet_parallax_layout_animation_prop&quot;:&quot;transform&quot;,&quot;jet_parallax_layout_on&quot;:[&quot;desktop&quot;,&quot;tablet&quot;]}]}\">\n\t\t\t\t\t\t<div class=\"elementor-container elementor-column-gap-default\">\n\t\t\t\t\t<div class=\"elementor-column elementor-col-50 elementor-top-column elementor-element elementor-element-471e1d27\" data-id=\"471e1d27\" data-element_type=\"column\">\n\t\t\t<div class=\"elementor-widget-wrap elementor-element-populated\">\n\t\t\t\t\t\t<div class=\"elementor-element elementor-element-c30a87c elementor-widget elementor-widget-ucaddon_personnes\" data-id=\"c30a87c\" data-element_type=\"widget\" data-widget_type=\"ucaddon_personnes.default\">\n\t\t\t\t<div class=\"elementor-widget-container\">\n\t\t\t\t\t\n<!-- start Personnes -->\n\n<div class=\"membre-wrapper\">\n\t<div class=\"membre-card small-clip\">\n  <div class=\"ue-col img\">\n    <img decoding=\"async\" src=\"https:\/\/courtepin.ch\/wp-content\/uploads\/2022\/07\/IMG_9490.jpg\">\n  <\/div>\n  <div class=\"ue-col info\">\n    <h3>Moosmann Martin<\/h3>\n    <p><p><strong>Ammann<\/strong><\/p><p>Im Gemeinderat seit 2006<\/p><p><a href=\"https:\/\/www.fr.ch\/etat-et-droit\/communes\/annuaire-des-communes\" target=\"_blank\" rel=\"noopener\">Verzeichnis der Interessenbindungen<\/a><\/p><p>\u00a0<\/p><\/p>\n    \n  <\/div>\n  <div class=\"ue-col activite\">\n    <ul><li>Allgemeine Verwaltung<\/li><li>Wasserversorgung<\/li><li>Feuerpolizei<\/li><li>Zivilschutz und Milit\u00e4r<\/li><\/ul>\n  <\/div>\n<\/div>\n \n<\/div>\n<!-- end Personnes -->\t\t\t\t<\/div>\n\t\t\t\t<\/div>\n\t\t\t\t<div class=\"elementor-element elementor-element-1bb61b8 elementor-widget elementor-widget-ucaddon_personnes\" data-id=\"1bb61b8\" data-element_type=\"widget\" data-widget_type=\"ucaddon_personnes.default\">\n\t\t\t\t<div class=\"elementor-widget-container\">\n\t\t\t\t\t\n<!-- start Personnes -->\n\n<div class=\"membre-wrapper\">\n\t<div class=\"membre-card small-clip\">\n  <div class=\"ue-col img\">\n    <img decoding=\"async\" src=\"https:\/\/courtepin.ch\/wp-content\/uploads\/2022\/07\/IMG_9575.jpg\">\n  <\/div>\n  <div class=\"ue-col info\">\n    <h3>Vonlanthen Eric<\/h3>\n    <p><p><strong>Vize-Ammann<\/strong><\/p><p>Im Gemeinderat seit 2014<\/p><p><a href=\"https:\/\/www.fr.ch\/etat-et-droit\/communes\/annuaire-des-communes\" target=\"_blank\" rel=\"noopener\">Verzeichnis der Interessenbindungen<\/a><\/p><p>\u00a0<\/p><\/p>\n    \n  <\/div>\n  <div class=\"ue-col activite\">\n    <ul><li>Finanzen<\/li><li>Versicherungen<\/li><li>B\u00fcromaterial<\/li><\/ul>\n  <\/div>\n<\/div>\n \n<\/div>\n<!-- end Personnes -->\t\t\t\t<\/div>\n\t\t\t\t<\/div>\n\t\t\t\t<div class=\"elementor-element elementor-element-3d23e14 elementor-widget elementor-widget-ucaddon_personnes\" data-id=\"3d23e14\" data-element_type=\"widget\" data-widget_type=\"ucaddon_personnes.default\">\n\t\t\t\t<div class=\"elementor-widget-container\">\n\t\t\t\t\t\n<!-- start Personnes -->\n\n<div class=\"membre-wrapper\">\n\t<div class=\"membre-card small-clip\">\n  <div class=\"ue-col img\">\n    <img decoding=\"async\" src=\"https:\/\/courtepin.ch\/wp-content\/uploads\/2022\/07\/IMG_9483-.jpg\">\n  <\/div>\n  <div class=\"ue-col info\">\n    <h3>Aebischer Jonas<\/h3>\n    <p><p>Im Gemeinderat seit 2021<\/p><p><a href=\"https:\/\/www.fr.ch\/etat-et-droit\/communes\/annuaire-des-communes\" target=\"_blank\" rel=\"noopener\">Verzeichnis der Interessenbindungen<\/a><\/p><\/p>\n    \n  <\/div>\n  <div class=\"ue-col activite\">\n    <ul><li>Baupolizei<\/li><li>Gemeindebauten und Infrastrukturen<\/li><\/ul>\n  <\/div>\n<\/div>\n \n<\/div>\n<!-- end Personnes -->\t\t\t\t<\/div>\n\t\t\t\t<\/div>\n\t\t\t\t<div class=\"elementor-element elementor-element-5205703 elementor-widget elementor-widget-ucaddon_personnes\" data-id=\"5205703\" data-element_type=\"widget\" data-widget_type=\"ucaddon_personnes.default\">\n\t\t\t\t<div class=\"elementor-widget-container\">\n\t\t\t\t\t\n<!-- start Personnes -->\n\n<div class=\"membre-wrapper\">\n\t<div class=\"membre-card small-clip\">\n  <div class=\"ue-col img\">\n    <img decoding=\"async\" src=\"https:\/\/courtepin.ch\/wp-content\/uploads\/2022\/07\/IMG_9587.jpg\">\n  <\/div>\n  <div class=\"ue-col info\">\n    <h3>Aeschlimann Daniel<\/h3>\n    <p><p>Im Gemeinderat seit 2019<\/p><p><a href=\"https:\/\/www.fr.ch\/etat-et-droit\/communes\/annuaire-des-communes\" target=\"_blank\" rel=\"noopener\">Verzeichnis der Interessenbindungen<\/a><\/p><\/p>\n    \n  <\/div>\n  <div class=\"ue-col activite\">\n    <ul><li>Werkhof<\/li><li>Abfallwesen<\/li><li>Forstwirtschaft<\/li><li>Landwirtschaft und Umwelt<\/li><li>Erdgasversorgung<\/li><li>Strassen<\/li><li>ARA und Pumpstation<\/li><li>Abwasser<\/li><\/ul>\n  <\/div>\n<\/div>\n \n<\/div>\n<!-- end Personnes -->\t\t\t\t<\/div>\n\t\t\t\t<\/div>\n\t\t\t\t<div class=\"elementor-element elementor-element-a1751ac elementor-widget elementor-widget-ucaddon_personnes\" data-id=\"a1751ac\" data-element_type=\"widget\" data-widget_type=\"ucaddon_personnes.default\">\n\t\t\t\t<div class=\"elementor-widget-container\">\n\t\t\t\t\t\n<!-- start Personnes -->\n\n<div class=\"membre-wrapper\">\n\t<div class=\"membre-card small-clip\">\n  <div class=\"ue-col img\">\n    <img decoding=\"async\" src=\"https:\/\/courtepin.ch\/wp-content\/uploads\/2022\/07\/IMG_9551-1.jpg\">\n  <\/div>\n  <div class=\"ue-col info\">\n    <h3>W\u00fcthrich Mario<\/h3>\n    <p><p>Im Gemeinderat seit 2019<\/p><p><a href=\"https:\/\/www.fr.ch\/etat-et-droit\/communes\/annuaire-des-communes\" target=\"_blank\" rel=\"noopener\">Verzeichnis der Interessenbindungen<\/a><\/p><\/p>\n    \n  <\/div>\n  <div class=\"ue-col activite\">\n    <ul><li>\u00d6ffentliches Gesundheitswesen<\/li><li>Raumplanung<\/li><li>Gew\u00e4sserkorrektur<\/li><\/ul>\n  <\/div>\n<\/div>\n \n<\/div>\n<!-- end Personnes -->\t\t\t\t<\/div>\n\t\t\t\t<\/div>\n\t\t\t\t<div class=\"elementor-element elementor-element-c96ce61 elementor-widget elementor-widget-ucaddon_personnes\" data-id=\"c96ce61\" data-element_type=\"widget\" data-widget_type=\"ucaddon_personnes.default\">\n\t\t\t\t<div class=\"elementor-widget-container\">\n\t\t\t\t\t\n<!-- start Personnes -->\n\n<div class=\"membre-wrapper\">\n\t<div class=\"membre-card small-clip\">\n  <div class=\"ue-col img\">\n    <img decoding=\"async\" src=\"https:\/\/courtepin.ch\/wp-content\/uploads\/2022\/07\/IMG_9511-1.jpg\">\n  <\/div>\n  <div class=\"ue-col info\">\n    <h3>Scherrer Brantschen Marianne<\/h3>\n    <p><p>Im Gemeinderat seit 2021<\/p><p><a href=\"https:\/\/www.fr.ch\/etat-et-droit\/communes\/annuaire-des-communes\" target=\"_blank\" rel=\"noopener\">Verzeichnis der Interessenbindungen<\/a><\/p><\/p>\n    \n  <\/div>\n  <div class=\"ue-col activite\">\n    <ul><li>Justiz und Polizei<\/li><li>Einb\u00fcrgerungen<\/li><li>Primarschulen und Kindergarten<\/li><li>Orientierungsstufe<\/li><li>SLPPI<\/li><li>Ausserfamili\u00e4re Betreuung<\/li><li>S\u00e4uglingspflege<\/li><\/ul>\n  <\/div>\n<\/div>\n \n<\/div>\n<!-- end Personnes -->\t\t\t\t<\/div>\n\t\t\t\t<\/div>\n\t\t\t\t<div class=\"elementor-element elementor-element-1157179 elementor-widget elementor-widget-ucaddon_personnes\" data-id=\"1157179\" data-element_type=\"widget\" data-widget_type=\"ucaddon_personnes.default\">\n\t\t\t\t<div class=\"elementor-widget-container\">\n\t\t\t\t\t\n<!-- start Personnes -->\n\n<div class=\"membre-wrapper\">\n\t<div class=\"membre-card small-clip\">\n  <div class=\"ue-col img\">\n    <img decoding=\"async\" src=\"https:\/\/courtepin.ch\/wp-content\/uploads\/2023\/10\/Gilda-Bello-2-scaled.jpg\">\n  <\/div>\n  <div class=\"ue-col info\">\n    <h3>Bello Gilda<\/h3>\n    <p><p>Im Gemeinderat seit 2023<\/p><p><a href=\"https:\/\/www.fr.ch\/etat-et-droit\/communes\/annuaire-des-communes\" target=\"_blank\" rel=\"noopener\">Verzeichnis der Interessenbindungen<\/a><\/p><\/p>\n    \n  <\/div>\n  <div class=\"ue-col activite\">\n    <ul><li>Informatik<\/li><li>Kultur und Freizeit<\/li><li>Sozialwesen<\/li><\/ul>\n  <\/div>\n<\/div>\n \n<\/div>\n<!-- end Personnes -->\t\t\t\t<\/div>\n\t\t\t\t<\/div>\n\t\t\t\t\t<\/div>\n\t\t<\/div>\n\t\t\t\t<div class=\"elementor-column elementor-col-50 elementor-top-column elementor-element elementor-element-556eea14\" data-id=\"556eea14\" data-element_type=\"column\">\n\t\t\t<div class=\"elementor-widget-wrap elementor-element-populated\">\n\t\t\t\t\t\t<div class=\"elementor-element elementor-element-806b6e6 elementor-widget elementor-widget-ucaddon_acces_direct\" data-id=\"806b6e6\" data-element_type=\"widget\" data-widget_type=\"ucaddon_acces_direct.default\">\n\t\t\t\t<div class=\"elementor-widget-container\">\n\t\t\t\t\t\n<!-- start Liens et Text encadr\u00e9 -->\n<style>\/* widget: Liens et Text encadr\u00e9 *\/\n\nz\n\n<\/style>\n\n<div class=\"item-wrap col-1\"><a class=\"item\" href=\"https:\/\/courtepin.ch\/wp-content\/uploads\/2022\/10\/Plan-de-legislature-2021-2026_DE.pdf\"> \n  <h3>Legislaturplan 2021-2026<\/h3>\n  <i class=\"icon-pdf far fa-file-pdf\"><\/i>\n  <i class=\"icon-xlsx far fa-file-excel\"><\/i>\n  <i class=\"icon-docx far fa-file-word\"><\/i>\n  <i class=\"icon-form fas fa-edit\"><\/i>\n  <i class=\"icon-extern fas fa-external-link-alt\"><\/i>\n<\/a>\n<\/div>\n<!-- end Liens et Text encadr\u00e9 -->\t\t\t\t<\/div>\n\t\t\t\t<\/div>\n\t\t\t\t\t<\/div>\n\t\t<\/div>\n\t\t\t\t\t<\/div>\n\t\t<\/section>\n\t\t\t\t<\/div>","protected":false},"excerpt":{"rendered":"<p>Moosmann Martin Syndikus Amtsantritt 2006 Interessenregister Allgemeine Verwaltung Wasserversorgung Feuerpolizei Zivilschutz und milit\u00e4rische Angelegenheiten Vonlanthen Eric Vize-Syndikus Amtsantritt 2014 Interessenregister Finanzen Versicherungen B\u00fcromaterial Aebischer Jonas Amtsantritt 2021 Interessenregister Baupolizei Kommunale Geb\u00e4ude und Infrastruktur [...].<\/p>","protected":false},"author":2,"featured_media":0,"parent":0,"menu_order":0,"comment_status":"closed","ping_status":"closed","template":"","meta":{"_acf_changed":false},"class_list":["post-385","page","type-page","status-publish","hentry","domaine-autorites"],"acf":[],"publishpress_future_workflow_manual_trigger":{"enabledWorkflows":[]},"_links":{"self":[{"href":"https:\/\/courtepin.ch\/de\/wp-json\/wp\/v2\/pages\/385","targetHints":{"allow":["GET"]}}],"collection":[{"href":"https:\/\/courtepin.ch\/de\/wp-json\/wp\/v2\/pages"}],"about":[{"href":"https:\/\/courtepin.ch\/de\/wp-json\/wp\/v2\/types\/page"}],"author":[{"embeddable":true,"href":"https:\/\/courtepin.ch\/de\/wp-json\/wp\/v2\/users\/2"}],"replies":[{"embeddable":true,"href":"https:\/\/courtepin.ch\/de\/wp-json\/wp\/v2\/comments?post=385"}],"version-history":[{"count":70,"href":"https:\/\/courtepin.ch\/de\/wp-json\/wp\/v2\/pages\/385\/revisions"}],"predecessor-version":[{"id":6618,"href":"https:\/\/courtepin.ch\/de\/wp-json\/wp\/v2\/pages\/385\/revisions\/6618"}],"wp:attachment":[{"href":"https:\/\/courtepin.ch\/de\/wp-json\/wp\/v2\/media?parent=385"}],"curies":[{"name":"wp","href":"https:\/\/api.w.org\/{rel}","templated":true}]}}